{"id":1059,"date":"2018-02-02T08:21:16","date_gmt":"2018-02-02T07:21:16","guid":{"rendered":"http:\/\/bsg-projekt.net\/cms\/?page_id=1059"},"modified":"2018-02-02T08:22:08","modified_gmt":"2018-02-02T07:22:08","slug":"sda-seclect-602","status":"publish","type":"page","link":"https:\/\/bsg-projekt.net\/cms\/sdi-select-60\/sda-seclect-602\/","title":{"rendered":"SDI Select 60"},"content":{"rendered":"<div  class='avia-slideshow av-av_slideshow-8fced049ccd559e945bdbf8d97b891d0 avia-slideshow-featured_large av_slideshow avia-fade-slider  avia-builder-el-0  el_before_av_one_half  avia-builder-el-first  av-slideshow-ui av-control-hidden av-no-slider-navigation av-hide-nav-arrows av-slideshow-autoplay av-loop-endless av-loop-manual-endless av-default-height-applied avia-slideshow-1' data-slideshow-options=\"{&quot;animation&quot;:&quot;fade&quot;,&quot;autoplay&quot;:true,&quot;loop_autoplay&quot;:&quot;endless&quot;,&quot;interval&quot;:5,&quot;loop_manual&quot;:&quot;manual-endless&quot;,&quot;autoplay_stopper&quot;:false,&quot;noNavigation&quot;:true,&quot;bg_slider&quot;:false,&quot;keep_padding&quot;:false,&quot;hoverpause&quot;:false,&quot;show_slide_delay&quot;:0}\"  itemprop=\"image\" itemscope=\"itemscope\" itemtype=\"https:\/\/schema.org\/ImageObject\" ><ul class='avia-slideshow-inner ' style='padding-bottom: 51.3029315961%;'><li  class='avia-slideshow-slide av-av_slideshow-8fced049ccd559e945bdbf8d97b891d0__0  slide-1 slide-odd'><div data-rel='slideshow-1' class='avia-slide-wrap '   ><div class='av-slideshow-caption av-av_slideshow-8fced049ccd559e945bdbf8d97b891d0__0 avia-caption'><div class=\"avia-inner-caption\"><h2 class='avia-caption-title '  itemprop=\"name\" >Cold Jet<\/h2><\/div><\/div><img fetchpriority=\"high\" class=\"wp-image-567 avia-img-lazy-loading-not-567\"  src='https:\/\/bsg-projekt.net\/cms\/wp-content\/uploads\/2017\/12\/Spanish-monument-plaque-cleaning-1228x630.jpg' width='1228' height='630' title='Spanish monument plaque cleaning' alt=''  itemprop=\"thumbnailUrl\"   \/><\/div><\/li><li  class='avia-slideshow-slide av-av_slideshow-8fced049ccd559e945bdbf8d97b891d0__1  slide-2 slide-even'><div data-rel='slideshow-1' class='avia-slide-wrap '   ><div class='av-slideshow-caption av-av_slideshow-8fced049ccd559e945bdbf8d97b891d0__1 avia-caption'><div class=\"avia-inner-caption\"><h2 class='avia-caption-title '  itemprop=\"name\" >Cold Jet<\/h2><\/div><\/div><img fetchpriority=\"high\" class=\"wp-image-569 avia-img-lazy-loading-not-569\"  src='https:\/\/bsg-projekt.net\/cms\/wp-content\/uploads\/2017\/12\/P1010195-1500x630.jpg' width='1500' height='630' title='OLYMPUS DIGITAL CAMERA' alt=''  itemprop=\"thumbnailUrl\"   \/><\/div><\/li><li  class='avia-slideshow-slide av-av_slideshow-8fced049ccd559e945bdbf8d97b891d0__2  slide-3 slide-odd'><div data-rel='slideshow-1' class='avia-slide-wrap '   ><div class='av-slideshow-caption av-av_slideshow-8fced049ccd559e945bdbf8d97b891d0__2 avia-caption'><div class=\"avia-inner-caption\"><h2 class='avia-caption-title '  itemprop=\"name\" >Cold Jet<\/h2><\/div><\/div><img fetchpriority=\"high\" class=\"wp-image-570 avia-img-lazy-loading-not-570\"  src='https:\/\/bsg-projekt.net\/cms\/wp-content\/uploads\/2017\/12\/jerry-cleaning-cupper-deck-1500x630.jpg' width='1500' height='630' title='jerry cleaning cupper deck' alt=''  itemprop=\"thumbnailUrl\"   \/><\/div><\/li><\/ul><div class='avia-slideshow-arrows avia-slideshow-controls' ><a href='#prev' class='prev-slide ' aria-hidden='true' data-av_icon='\ue87c' data-av_iconfont='entypo-fontello'  tabindex='-1'>Zur\u00fcck<\/a><a href='#next' class='next-slide ' aria-hidden='true' data-av_icon='\ue87d' data-av_iconfont='entypo-fontello'  tabindex='-1'>Weiter<\/a><\/div><\/div>\n\n<style type=\"text\/css\" data-created_by=\"avia_inline_auto\" id=\"style-css-av-av_one_half-d71a51a707c4656b37c9afbbd6138215\">\n.flex_column.av-av_one_half-d71a51a707c4656b37c9afbbd6138215{\nborder-radius:0px 0px 0px 0px;\npadding:0px 0px 0px 0px;\n}\n<\/style>\n<div  class='flex_column av-av_one_half-d71a51a707c4656b37c9afbbd6138215 av_one_half  avia-builder-el-1  el_after_av_slideshow  el_before_av_one_half  first flex_column_div av-animated-generic bottom-to-top av-zero-column-padding  '     ><style type=\"text\/css\" data-created_by=\"avia_inline_auto\" id=\"style-css-av-av_heading-9825044f274a9c67c0ecf69ae9644356\">\n#top .av-special-heading.av-av_heading-9825044f274a9c67c0ecf69ae9644356{\npadding-bottom:0;\ncolor:#ea3838;\nfont-size:24px;\n}\nbody .av-special-heading.av-av_heading-9825044f274a9c67c0ecf69ae9644356 .av-special-heading-tag .heading-char{\nfont-size:25px;\n}\n#top #wrap_all .av-special-heading.av-av_heading-9825044f274a9c67c0ecf69ae9644356 .av-special-heading-tag{\nfont-size:24px;\n}\n.av-special-heading.av-av_heading-9825044f274a9c67c0ecf69ae9644356 .special-heading-inner-border{\nborder-color:#ea3838;\n}\n.av-special-heading.av-av_heading-9825044f274a9c67c0ecf69ae9644356 .av-subheading{\nfont-size:15px;\n}\n\n@media only screen and (min-width: 480px) and (max-width: 767px){ \n#top #wrap_all .av-special-heading.av-av_heading-9825044f274a9c67c0ecf69ae9644356 .av-special-heading-tag{\nfont-size:0.8em;\n}\n}\n\n@media only screen and (max-width: 479px){ \n#top #wrap_all .av-special-heading.av-av_heading-9825044f274a9c67c0ecf69ae9644356 .av-special-heading-tag{\nfont-size:0.8em;\n}\n}\n<\/style>\n<div  class='av-special-heading av-av_heading-9825044f274a9c67c0ecf69ae9644356 av-special-heading-h4 custom-color-heading blockquote modern-quote  avia-builder-el-2  avia-builder-el-no-sibling  av-inherit-size'><h4 class='av-special-heading-tag '  itemprop=\"headline\"  >VIELSEITIGKEIT NACH IHREM BEDARF<\/h4><div class=\"special-heading-border\"><div class=\"special-heading-inner-border\"><\/div><\/div><\/div><\/div>\n\n<style type=\"text\/css\" data-created_by=\"avia_inline_auto\" id=\"style-css-av-av_one_half-93bea18e2ccb60552a17080633244dec\">\n.flex_column.av-av_one_half-93bea18e2ccb60552a17080633244dec{\nborder-radius:0px 0px 0px 0px;\npadding:0px 0px 0px 0px;\n}\n<\/style>\n<div  class='flex_column av-av_one_half-93bea18e2ccb60552a17080633244dec av_one_half  avia-builder-el-3  el_after_av_one_half  el_before_av_one_full  flex_column_div av-animated-generic bottom-to-top av-zero-column-padding  '     ><style type=\"text\/css\" data-created_by=\"avia_inline_auto\" id=\"style-css-av-av_image-9756aa2ccf0bdd4e404350aec8843422\">\n.avia-image-container.av-av_image-9756aa2ccf0bdd4e404350aec8843422 img.avia_image{\nbox-shadow:none;\n}\n.avia-image-container.av-av_image-9756aa2ccf0bdd4e404350aec8843422 .av-image-caption-overlay-center{\ncolor:#ffffff;\n}\n<\/style>\n<div  class='avia-image-container av-av_image-9756aa2ccf0bdd4e404350aec8843422 av-styling- avia-align-center  avia-builder-el-4  avia-builder-el-no-sibling '   itemprop=\"image\" itemscope=\"itemscope\" itemtype=\"https:\/\/schema.org\/ImageObject\" ><div class=\"avia-image-container-inner\"><div class=\"avia-image-overlay-wrap\"><img fetchpriority=\"high\" class='wp-image-536 avia-img-lazy-loading-not-536 avia_image ' src='https:\/\/bsg-projekt.net\/cms\/wp-content\/uploads\/2017\/12\/Unbenannt-1.jpg' alt='' title='Unbenannt-1'  height=\"169\" width=\"705\"  itemprop=\"thumbnailUrl\"  \/><\/div><\/div><\/div><\/div>\n\n<style type=\"text\/css\" data-created_by=\"avia_inline_auto\" id=\"style-css-av-av_one_full-d71a51a707c4656b37c9afbbd6138215\">\n.flex_column.av-av_one_full-d71a51a707c4656b37c9afbbd6138215{\nborder-radius:0px 0px 0px 0px;\npadding:0px 0px 0px 0px;\n}\n<\/style>\n<div  class='flex_column av-av_one_full-d71a51a707c4656b37c9afbbd6138215 av_one_full  avia-builder-el-5  el_after_av_one_half  el_before_av_one_full  first flex_column_div av-animated-generic bottom-to-top av-zero-column-padding  column-top-margin'     ><style type=\"text\/css\" data-created_by=\"avia_inline_auto\" id=\"style-css-av-av_textblock-8e5bdedebac81bcd937ed355ccd26d60\">\n#top .av_textblock_section.av-av_textblock-8e5bdedebac81bcd937ed355ccd26d60 .avia_textblock{\ncolor:#000000;\n}\n<\/style>\n<section  class='av_textblock_section av-av_textblock-8e5bdedebac81bcd937ed355ccd26d60 '   itemscope=\"itemscope\" itemtype=\"https:\/\/schema.org\/CreativeWork\" ><div class='avia_textblock av_inherit_color'  itemprop=\"text\" ><p style=\"text-align: justify;\">Immer h\u00e4ufiger und in immer mehr Industrien ist Trockeneis die bevorzugte umweltfreundliche Methode zur Reinigung und Oberfl\u00e4chenvorbehandlung. Cold Jet ist seit \u00fcber 25 Jahren in der Technologie-Vorreiterrolle des Trockeneisstrahlens und Trockeneisherstellung. Daher freut es uns um so mehr mit der SDI Select 60, ein Trockeneisreinigungssystem vorzustellen welches jegliches Eis verwenden kann. Von hoch sensibel f\u00fcr empfindliche Teile oder hoch aggressiv f\u00fcr sehr schmutzige Oberfl\u00e4chen ist nun alles mit einer Anlage m\u00f6glich.\u00a0Mit dem Gedanken im Kopf eine hohe Anwendungsvariabilit\u00e4t zu entwerfen, kann die SDI Select 60 mit Leichtigkeit die verschiedenen Trockeneisreinigungspektren erf\u00fcllen. Durch die patentierte Cold Jet \u201eAbschabe\u201c-Technologie reinigt die SDI Select 60 gro\u00dfe Oberfl\u00e4chen mit d\u00fcnnen, harten Verschmutzungen ohne Besch\u00e4digung der Oberfl\u00e4che. Und wenn Sie mit schwereren Verunreinigungen konfrontiert werden, stellen Sie einfach die Abschabe-Technologie ab, erh\u00f6hen die Aggression und reinigen mit den aggressiven 3 mm Pellets.<\/p>\n<\/div><\/section><\/div>\n\n<style type=\"text\/css\" data-created_by=\"avia_inline_auto\" id=\"style-css-av-av_one_full-d71a51a707c4656b37c9afbbd6138215\">\n.flex_column.av-av_one_full-d71a51a707c4656b37c9afbbd6138215{\nborder-radius:0px 0px 0px 0px;\npadding:0px 0px 0px 0px;\n}\n<\/style>\n<div  class='flex_column av-av_one_full-d71a51a707c4656b37c9afbbd6138215 av_one_full  avia-builder-el-7  el_after_av_one_full  el_before_av_one_full  first flex_column_div av-animated-generic bottom-to-top av-zero-column-padding  column-top-margin'     ><div  class='togglecontainer av-av_toggle_container-58d3b55d78679e2c4a6f7b2e625e97f8  avia-builder-el-8  avia-builder-el-no-sibling  toggle_close_all' >\n<section class='av_toggle_section av-av_toggle-dbd89780190658b22b9ab4d9401b4849'  itemscope=\"itemscope\" itemtype=\"https:\/\/schema.org\/CreativeWork\" ><div role=\"tablist\" class=\"single_toggle\" data-tags=\"{Alle} \"  ><p id='toggle-toggle-id-1' data-fake-id='#toggle-id-1' class='toggler  activeTitle av-title-above '  itemprop=\"headline\"  role='tab' tabindex='0' aria-controls='toggle-id-1' data-slide-speed=\"200\" data-title=\"HAUPTVORTEILE\" data-title-open=\"\" data-aria_collapsed=\"Click to expand: HAUPTVORTEILE\" data-aria_expanded=\"Click to collapse: HAUPTVORTEILE\">HAUPTVORTEILE<span class=\"toggle_icon\"><span class=\"vert_icon\"><\/span><span class=\"hor_icon\"><\/span><\/span><\/p><div id='toggle-id-1' aria-labelledby='toggle-toggle-id-1' role='region' class='toggle_wrap  active_tc av-title-above' style='display:block;' ><div class='toggle_content invers-color '  itemprop=\"text\" ><p>\u2022 Abschabedosiertechnologie mit jedem Trockeneismedium \u00a0<i>Standard Bl\u00f6cke, 3mm Pellets, Nuggets, Scheiben, sogar Restst\u00fccke<br \/>\n<\/i>\u2022 Bypass f\u00fcr volle Leistung mit 3 mm Pellets<br \/>\n\u2022 Volle Leistung schon ab 1,4 m<sup>3<\/sup>\/ min um Druckluft zu sparen und Lautst\u00e4rke zu reduzieren<br \/>\n\u2022 Strahldruckbereich bis 17,2 bar m\u00f6glich um hartn\u00e4ckigste Verschmutzungen zu reinigen<br \/>\n\u2022 F\u00fcr erh\u00f6hte Flexibilit\u00e4t k\u00f6nnen jegliche Aero D\u00fcsen und Zubeh\u00f6rteile verwendet werden<\/p>\n<\/div><\/div><\/div><\/section>\n<section class='av_toggle_section av-av_toggle-11e3e45c67670829f4ba65431e7caea1'  itemscope=\"itemscope\" itemtype=\"https:\/\/schema.org\/CreativeWork\" ><div role=\"tablist\" class=\"single_toggle\" data-tags=\"{Alle} \"  ><p id='toggle-toggle-id-2' data-fake-id='#toggle-id-2' class='toggler  av-title-above '  itemprop=\"headline\"  role='tab' tabindex='0' aria-controls='toggle-id-2' data-slide-speed=\"200\" data-title=\"SIE HABEN DIE WAHL\" data-title-open=\"\" data-aria_collapsed=\"Click to expand: SIE HABEN DIE WAHL\" data-aria_expanded=\"Click to collapse: SIE HABEN DIE WAHL\">SIE HABEN DIE WAHL<span class=\"toggle_icon\"><span class=\"vert_icon\"><\/span><span class=\"hor_icon\"><\/span><\/span><\/p><div id='toggle-id-2' aria-labelledby='toggle-toggle-id-2' role='region' class='toggle_wrap  av-title-above'  ><div class='toggle_content invers-color '  itemprop=\"text\" ><p>Cold Jet\u2019s patentierte Abschabedosiertechnologie erstellt komprimierten Trockeneisschnee nach Bedarf.<\/p>\n<p><img loading=\"lazy\" decoding=\"async\" class=\"alignnone size-full wp-image-554\" src=\"http:\/\/bsg-projekt.net\/cms\/wp-content\/uploads\/2017\/12\/020113075743_SDISelect60_Cleaner.-DE.jpg\" alt=\"\" width=\"149\" height=\"89\" \/><i><br \/>\n<\/i><\/p>\n<p>Schalten Sie einfach auf Pelletreinigung um grobe und hartn\u00e4ckige Verschmutzungen zu entfernen.<br \/>\n<img loading=\"lazy\" decoding=\"async\" class=\"alignnone size-full wp-image-552\" src=\"http:\/\/bsg-projekt.net\/cms\/wp-content\/uploads\/2017\/12\/012113074156_Funktionsprinzip.jpg\" alt=\"\" width=\"2463\" height=\"620\" srcset=\"https:\/\/bsg-projekt.net\/cms\/wp-content\/uploads\/2017\/12\/012113074156_Funktionsprinzip.jpg 2463w, https:\/\/bsg-projekt.net\/cms\/wp-content\/uploads\/2017\/12\/012113074156_Funktionsprinzip-300x76.jpg 300w, https:\/\/bsg-projekt.net\/cms\/wp-content\/uploads\/2017\/12\/012113074156_Funktionsprinzip-768x193.jpg 768w, https:\/\/bsg-projekt.net\/cms\/wp-content\/uploads\/2017\/12\/012113074156_Funktionsprinzip-1030x259.jpg 1030w, https:\/\/bsg-projekt.net\/cms\/wp-content\/uploads\/2017\/12\/012113074156_Funktionsprinzip-1500x378.jpg 1500w, https:\/\/bsg-projekt.net\/cms\/wp-content\/uploads\/2017\/12\/012113074156_Funktionsprinzip-705x177.jpg 705w, https:\/\/bsg-projekt.net\/cms\/wp-content\/uploads\/2017\/12\/012113074156_Funktionsprinzip-450x113.jpg 450w\" sizes=\"auto, (max-width: 2463px) 100vw, 2463px\" \/><br \/>\n<img loading=\"lazy\" decoding=\"async\" class=\"alignnone wp-image-553\" src=\"http:\/\/bsg-projekt.net\/cms\/wp-content\/uploads\/2017\/12\/Bildschirmfoto-2017-12-12-um-17.26.08.png\" alt=\"\" width=\"915\" height=\"109\" srcset=\"https:\/\/bsg-projekt.net\/cms\/wp-content\/uploads\/2017\/12\/Bildschirmfoto-2017-12-12-um-17.26.08.png 1144w, https:\/\/bsg-projekt.net\/cms\/wp-content\/uploads\/2017\/12\/Bildschirmfoto-2017-12-12-um-17.26.08-300x36.png 300w, https:\/\/bsg-projekt.net\/cms\/wp-content\/uploads\/2017\/12\/Bildschirmfoto-2017-12-12-um-17.26.08-768x91.png 768w, https:\/\/bsg-projekt.net\/cms\/wp-content\/uploads\/2017\/12\/Bildschirmfoto-2017-12-12-um-17.26.08-1030x122.png 1030w, https:\/\/bsg-projekt.net\/cms\/wp-content\/uploads\/2017\/12\/Bildschirmfoto-2017-12-12-um-17.26.08-705x84.png 705w, https:\/\/bsg-projekt.net\/cms\/wp-content\/uploads\/2017\/12\/Bildschirmfoto-2017-12-12-um-17.26.08-450x53.png 450w\" sizes=\"auto, (max-width: 915px) 100vw, 915px\" \/><\/p>\n<p><i>\u00a0<\/i><\/p>\n<\/div><\/div><\/div><\/section>\n<\/div><\/div>\n\n<style type=\"text\/css\" data-created_by=\"avia_inline_auto\" id=\"style-css-av-av_one_full-d71a51a707c4656b37c9afbbd6138215\">\n.flex_column.av-av_one_full-d71a51a707c4656b37c9afbbd6138215{\nborder-radius:0px 0px 0px 0px;\npadding:0px 0px 0px 0px;\n}\n<\/style>\n<div  class='flex_column av-av_one_full-d71a51a707c4656b37c9afbbd6138215 av_one_full  avia-builder-el-9  el_after_av_one_full  el_before_av_heading  first flex_column_div av-animated-generic bottom-to-top av-zero-column-padding  column-top-margin'     ><p>\n<style type=\"text\/css\" data-created_by=\"avia_inline_auto\" id=\"style-css-av-av_heading-5d47b1235fdf2fd116b7585f78d04511\">\n#top .av-special-heading.av-av_heading-5d47b1235fdf2fd116b7585f78d04511{\npadding-bottom:0;\ncolor:#ea3838;\n}\nbody .av-special-heading.av-av_heading-5d47b1235fdf2fd116b7585f78d04511 .av-special-heading-tag .heading-char{\nfont-size:25px;\n}\n.av-special-heading.av-av_heading-5d47b1235fdf2fd116b7585f78d04511 .special-heading-inner-border{\nborder-color:#ea3838;\n}\n.av-special-heading.av-av_heading-5d47b1235fdf2fd116b7585f78d04511 .av-subheading{\nfont-size:15px;\n}\n<\/style>\n<div  class='av-special-heading av-av_heading-5d47b1235fdf2fd116b7585f78d04511 av-special-heading-h2 custom-color-heading blockquote modern-quote  avia-builder-el-10  el_before_av_textblock  avia-builder-el-first '><h2 class='av-special-heading-tag '  itemprop=\"headline\"  >JEGLICHES EIS. JEGLICHE ANWENDUNG. IMMER und \u00dcBERALL.<\/h2><div class=\"special-heading-border\"><div class=\"special-heading-inner-border\"><\/div><\/div><\/div><br \/>\n\n<style type=\"text\/css\" data-created_by=\"avia_inline_auto\" id=\"style-css-av-av_textblock-8e5bdedebac81bcd937ed355ccd26d60\">\n#top .av_textblock_section.av-av_textblock-8e5bdedebac81bcd937ed355ccd26d60 .avia_textblock{\ncolor:#000000;\n}\n<\/style>\n<section  class='av_textblock_section av-av_textblock-8e5bdedebac81bcd937ed355ccd26d60 '   itemscope=\"itemscope\" itemtype=\"https:\/\/schema.org\/CreativeWork\" ><div class='avia_textblock av_inherit_color'  itemprop=\"text\" ><p style=\"text-align: justify;\">Cold Jet\u2019s SDI Select 60 wurde so entwickelt das es das einfachste und benutzerfreundlichste, zur Zeit erh\u00e4ltliche\u00a0Trockeneisreinigungssystem ist. Mit der M\u00f6glichkeit das patentierte Dosiersystem mit jedem Trockeneismedium zu\u00a0bef\u00fcllen, er\u00f6ffnet die SDI Select 60 neue Reinigungsm\u00f6glichkeiten f\u00fcr Anwender die Erfahrungen mit begrenzter Trockeneisverf\u00fcgbarkeit gemacht haben. Jetzt k\u00f6nnen Sie jede Form von Trockeneis als Reinigungsmedium\u00a0einsetzen.<\/p>\n<\/div><\/section><br \/>\n<section  class='av_textblock_section av-av_textblock-0366cc7376be6c9e82a3e9cc8987b64f '   itemscope=\"itemscope\" itemtype=\"https:\/\/schema.org\/CreativeWork\" ><div class='avia_textblock'  itemprop=\"text\" ><p><img loading=\"lazy\" decoding=\"async\" class=\"alignnone size-full wp-image-555\" src=\"http:\/\/bsg-projekt.net\/cms\/wp-content\/uploads\/2017\/12\/Bildschirmfoto-2017-12-12-um-17.29.15-Kopie.jpg\" alt=\"\" width=\"1134\" height=\"800\" srcset=\"https:\/\/bsg-projekt.net\/cms\/wp-content\/uploads\/2017\/12\/Bildschirmfoto-2017-12-12-um-17.29.15-Kopie.jpg 1134w, https:\/\/bsg-projekt.net\/cms\/wp-content\/uploads\/2017\/12\/Bildschirmfoto-2017-12-12-um-17.29.15-Kopie-300x212.jpg 300w, https:\/\/bsg-projekt.net\/cms\/wp-content\/uploads\/2017\/12\/Bildschirmfoto-2017-12-12-um-17.29.15-Kopie-768x542.jpg 768w, https:\/\/bsg-projekt.net\/cms\/wp-content\/uploads\/2017\/12\/Bildschirmfoto-2017-12-12-um-17.29.15-Kopie-1030x727.jpg 1030w, https:\/\/bsg-projekt.net\/cms\/wp-content\/uploads\/2017\/12\/Bildschirmfoto-2017-12-12-um-17.29.15-Kopie-705x497.jpg 705w, https:\/\/bsg-projekt.net\/cms\/wp-content\/uploads\/2017\/12\/Bildschirmfoto-2017-12-12-um-17.29.15-Kopie-450x317.jpg 450w\" sizes=\"auto, (max-width: 1134px) 100vw, 1134px\" \/><\/p>\n<\/div><\/section><\/p><\/div>\n\n<style type=\"text\/css\" data-created_by=\"avia_inline_auto\" id=\"style-css-av-av_heading-9e764bb40a2724fabe5dcbfc1e08b3e4\">\n#top .av-special-heading.av-av_heading-9e764bb40a2724fabe5dcbfc1e08b3e4{\npadding-bottom:0;\ncolor:#ea3838;\n}\nbody .av-special-heading.av-av_heading-9e764bb40a2724fabe5dcbfc1e08b3e4 .av-special-heading-tag .heading-char{\nfont-size:25px;\n}\n.av-special-heading.av-av_heading-9e764bb40a2724fabe5dcbfc1e08b3e4 .special-heading-inner-border{\nborder-color:#ea3838;\n}\n.av-special-heading.av-av_heading-9e764bb40a2724fabe5dcbfc1e08b3e4 .av-subheading{\nfont-size:15px;\n}\n<\/style>\n<div  class='av-special-heading av-av_heading-9e764bb40a2724fabe5dcbfc1e08b3e4 av-special-heading-h2 custom-color-heading blockquote modern-quote  avia-builder-el-13  el_after_av_one_full  el_before_av_textblock '><h2 class='av-special-heading-tag '  itemprop=\"headline\"  >NIEMALS IM KALTEN STEHEN<\/h2><div class=\"special-heading-border\"><div class=\"special-heading-inner-border\"><\/div><\/div><\/div>\n\n<style type=\"text\/css\" data-created_by=\"avia_inline_auto\" id=\"style-css-av-av_textblock-8e5bdedebac81bcd937ed355ccd26d60\">\n#top .av_textblock_section.av-av_textblock-8e5bdedebac81bcd937ed355ccd26d60 .avia_textblock{\ncolor:#000000;\n}\n<\/style>\n<section  class='av_textblock_section av-av_textblock-8e5bdedebac81bcd937ed355ccd26d60 '   itemscope=\"itemscope\" itemtype=\"https:\/\/schema.org\/CreativeWork\" ><div class='avia_textblock av_inherit_color'  itemprop=\"text\" ><p style=\"text-align: justify;\">Totale Trockeneisflexibilit\u00e4t er\u00f6ffnet neue Trockeneism\u00f6glichkeiten f\u00fcr den Anwender der bisher Erfahrung mit begrenzter\u00a0Trockeneisverf\u00fcgbarkeit gemacht hat. Mit der SDI Select 60 wird die Beschaffung von Trockeneis stressfrei und bietet die\u00a0Freiheit die g\u00fcnstigste Trockeneisform von Ihrem lokalen Anbieter auszuw\u00e4hlen, welches Zeit und Geld spart. Es k\u00f6nnen\u00a0nicht nur Trockeneisstandardformen (inkl. Pellets, Bl\u00f6cke, Nuggets und Scheiben) verwendet werden, die SDI Select 60\u00a0akzeptiert auch Resteis &#8211; inklusive aussortierte und gebrochene Bl\u00f6cke, Abfallst\u00fccke die nach einer Arbeitsschicht \u00fcbrig\u00a0sind und sogar Trockeneis das seit einer Woche gelagert wurde. F\u00fcr preisbewusste Anwender kann die M\u00f6glichkeit der\u00a0Verwendung von Resteis die Rendite der jeweiligen Anwendung erheblich verbessern.<\/p>\n<\/div><\/section>\n\n<style type=\"text\/css\" data-created_by=\"avia_inline_auto\" id=\"style-css-av-av_hr-3264b1c70985ca3d4fa351773b95f23d\">\n#top .hr.av-av_hr-3264b1c70985ca3d4fa351773b95f23d{\nmargin-top:10px;\nmargin-bottom:10px;\n}\n.hr.av-av_hr-3264b1c70985ca3d4fa351773b95f23d .hr-inner{\nwidth:50px;\nborder-color:#ffffff;\n}\n<\/style>\n<div  class='hr av-av_hr-3264b1c70985ca3d4fa351773b95f23d hr-custom  avia-builder-el-15  el_after_av_textblock  el_before_av_video  hr-left hr-icon-no'><span class='hr-inner inner-border-av-border-fat'><span class=\"hr-inner-style\"><\/span><\/span><\/div>\n<div  class='avia-video av-av_video-04f9aa8753d54f42f071b3e1604e6826 avia-video-16-9 av-no-preview-image avia-video-load-always avia-video-html5'  itemprop=\"video\" itemtype=\"https:\/\/schema.org\/VideoObject\"  data-original_url='http:\/\/bsg-projekt.net\/cms\/wp-content\/uploads\/2017\/12\/Video-SDI-Select-60.mp4'><video class='avia_video'    preload=\"auto\"  controls id='player_1059_1798598962_1686887199'><source src='http:\/\/bsg-projekt.net\/cms\/wp-content\/uploads\/2017\/12\/Video-SDI-Select-60.mp4' type='video\/mp4' \/><\/video><\/div>\n\n<style type=\"text\/css\" data-created_by=\"avia_inline_auto\" id=\"style-css-av-av_one_full-861e61f6c012e3b92d6114e965076e60\">\n.flex_column.av-av_one_full-861e61f6c012e3b92d6114e965076e60{\nborder-width:1px;\nborder-color:#e1e1e1;\nborder-style:solid;\nborder-radius:0px 0px 0px 0px;\npadding:20px 20px 20px 20px;\nbackground-color:#fcfcfc;\n}\n<\/style>\n<div  class='flex_column av-av_one_full-861e61f6c012e3b92d6114e965076e60 av_one_full  avia-builder-el-17  el_after_av_video  avia-builder-el-last  first flex_column_div av-animated-generic bottom-to-top  '     ><section  class='av_textblock_section av-av_textblock-0366cc7376be6c9e82a3e9cc8987b64f '   itemscope=\"itemscope\" itemtype=\"https:\/\/schema.org\/CreativeWork\" ><div class='avia_textblock'  itemprop=\"text\" ><p><i>Wenn Zeit von gr\u00f6\u00dfter Wichtigkeit ist m\u00fcssen Sie nicht nach dem passenden Trockeneis f\u00fcr Ihre Anlage suchen, Sie k\u00f6nnen einfach das verwenden was zur Verf\u00fcgung steht. Es ist so einfach wie einen Ausflug zum lokalen Einzelh\u00e4ndler um Ihre sofortige Trockeneisreinigungsbed\u00fcrfnisse zu l\u00f6sen.<\/i><\/p>\n<\/div><\/section><\/div>\n","protected":false},"excerpt":{"rendered":"","protected":false},"author":1,"featured_media":0,"parent":551,"menu_order":1,"comment_status":"closed","ping_status":"closed","template":"","meta":{"footnotes":""},"class_list":["post-1059","page","type-page","status-publish","hentry"],"_links":{"self":[{"href":"https:\/\/bsg-projekt.net\/cms\/wp-json\/wp\/v2\/pages\/1059","targetHints":{"allow":["GET"]}}],"collection":[{"href":"https:\/\/bsg-projekt.net\/cms\/wp-json\/wp\/v2\/pages"}],"about":[{"href":"https:\/\/bsg-projekt.net\/cms\/wp-json\/wp\/v2\/types\/page"}],"author":[{"embeddable":true,"href":"https:\/\/bsg-projekt.net\/cms\/wp-json\/wp\/v2\/users\/1"}],"replies":[{"embeddable":true,"href":"https:\/\/bsg-projekt.net\/cms\/wp-json\/wp\/v2\/comments?post=1059"}],"version-history":[{"count":2,"href":"https:\/\/bsg-projekt.net\/cms\/wp-json\/wp\/v2\/pages\/1059\/revisions"}],"predecessor-version":[{"id":1061,"href":"https:\/\/bsg-projekt.net\/cms\/wp-json\/wp\/v2\/pages\/1059\/revisions\/1061"}],"up":[{"embeddable":true,"href":"https:\/\/bsg-projekt.net\/cms\/wp-json\/wp\/v2\/pages\/551"}],"wp:attachment":[{"href":"https:\/\/bsg-projekt.net\/cms\/wp-json\/wp\/v2\/media?parent=1059"}],"curies":[{"name":"wp","href":"https:\/\/api.w.org\/{rel}","templated":true}]}}