{"id":25,"date":"2015-10-15T15:32:49","date_gmt":"2015-10-15T15:32:49","guid":{"rendered":"http:\/\/wpoffice\/construction\/?page_id=25"},"modified":"2018-02-02T14:42:46","modified_gmt":"2018-02-02T13:42:46","slug":"leistungen","status":"publish","type":"page","link":"https:\/\/bsg-projekt.net\/cms\/leistungen\/","title":{"rendered":"Leistungen"},"content":{"rendered":"\n<style type=\"text\/css\" data-created_by=\"avia_inline_auto\" id=\"style-css-av-av_heading-e5a488c7e104af5786cbb716d544f515\">\n#top .av-special-heading.av-av_heading-e5a488c7e104af5786cbb716d544f515{\npadding-bottom:0;\n}\nbody .av-special-heading.av-av_heading-e5a488c7e104af5786cbb716d544f515 .av-special-heading-tag .heading-char{\nfont-size:25px;\n}\n.av-special-heading.av-av_heading-e5a488c7e104af5786cbb716d544f515 .av-subheading{\nfont-size:15px;\n}\n<\/style>\n<div  class='av-special-heading av-av_heading-e5a488c7e104af5786cbb716d544f515 av-special-heading-h2 blockquote modern-quote modern-centered  avia-builder-el-0  el_before_av_hr  avia-builder-el-first '><h2 class='av-special-heading-tag '  itemprop=\"headline\"  >Unsere Leistungen<\/h2><div class=\"special-heading-border\"><div class=\"special-heading-inner-border\"><\/div><\/div><\/div>\n\n<style type=\"text\/css\" data-created_by=\"avia_inline_auto\" id=\"style-css-av-av_hr-d51d40f5d7a2e1e83093c8a46d1cb0e7\">\n#top .hr.av-av_hr-d51d40f5d7a2e1e83093c8a46d1cb0e7{\nmargin-top:5px;\nmargin-bottom:35px;\n}\n.hr.av-av_hr-d51d40f5d7a2e1e83093c8a46d1cb0e7 .hr-inner{\nwidth:50px;\nborder-color:#e31e25;\n}\n<\/style>\n<div  class='hr av-av_hr-d51d40f5d7a2e1e83093c8a46d1cb0e7 hr-custom  avia-builder-el-1  el_after_av_heading  el_before_av_one_half  hr-center hr-icon-no'><span class='hr-inner inner-border-av-border-fat'><span class=\"hr-inner-style\"><\/span><\/span><\/div>\n\n<style type=\"text\/css\" data-created_by=\"avia_inline_auto\" id=\"style-css-av-av_one_half-d71a51a707c4656b37c9afbbd6138215\">\n.flex_column.av-av_one_half-d71a51a707c4656b37c9afbbd6138215{\nborder-radius:0px 0px 0px 0px;\npadding:0px 0px 0px 0px;\n}\n<\/style>\n<div  class='flex_column av-av_one_half-d71a51a707c4656b37c9afbbd6138215 av_one_half  avia-builder-el-2  el_after_av_hr  el_before_av_one_half  first flex_column_div av-animated-generic bottom-to-top av-zero-column-padding  '     ><p>\n<style type=\"text\/css\" data-created_by=\"avia_inline_auto\" id=\"style-css-av-av_image-ed8bbe44dd4380d5103e4626ec47f8cb\">\n.avia-image-container.av-av_image-ed8bbe44dd4380d5103e4626ec47f8cb img.avia_image{\nbox-shadow:none;\n}\n.avia-image-container.av-av_image-ed8bbe44dd4380d5103e4626ec47f8cb .av-image-caption-overlay-center{\ncolor:#ffffff;\n}\n<\/style>\n<div  class='avia-image-container av-av_image-ed8bbe44dd4380d5103e4626ec47f8cb av-styling-no-styling av-img-linked avia-align-center  avia-builder-el-3  el_before_av_heading  avia-builder-el-first '   itemprop=\"image\" itemscope=\"itemscope\" itemtype=\"https:\/\/schema.org\/ImageObject\" ><div class=\"avia-image-container-inner\"><div class=\"avia-image-overlay-wrap\"><a href=\"https:\/\/bsg-projekt.net\/cms\/leistungen\/brandsanierung\/\" class='avia_image '  aria-label='brand'><img fetchpriority=\"high\" class='wp-image-277 avia-img-lazy-loading-not-277 avia_image ' src='https:\/\/bsg-projekt.net\/cms\/wp-content\/uploads\/2015\/10\/brand-800x321.jpg' alt='' title='brand'  height=\"321\" width=\"800\"  itemprop=\"thumbnailUrl\"  \/><\/a><\/div><\/div><\/div><br \/>\n\n<style type=\"text\/css\" data-created_by=\"avia_inline_auto\" id=\"style-css-av-av_heading-0bb37741b093427b9fcbbea0553fd84c\">\n#top .av-special-heading.av-av_heading-0bb37741b093427b9fcbbea0553fd84c{\npadding-bottom:0;\n}\nbody .av-special-heading.av-av_heading-0bb37741b093427b9fcbbea0553fd84c .av-special-heading-tag .heading-char{\nfont-size:25px;\n}\n.av-special-heading.av-av_heading-0bb37741b093427b9fcbbea0553fd84c .av-subheading{\nfont-size:15px;\n}\n<\/style>\n<div  class='av-special-heading av-av_heading-0bb37741b093427b9fcbbea0553fd84c av-special-heading-h3 blockquote modern-quote  avia-builder-el-4  el_after_av_image  el_before_av_hr '><h3 class='av-special-heading-tag '  itemprop=\"headline\"  >Brandschaden<\/h3><div class=\"special-heading-border\"><div class=\"special-heading-inner-border\"><\/div><\/div><\/div><br \/>\n\n<style type=\"text\/css\" data-created_by=\"avia_inline_auto\" id=\"style-css-av-av_hr-5dbf174a849a1c32a77676695a614c74\">\n#top .hr.av-av_hr-5dbf174a849a1c32a77676695a614c74{\nmargin-top:10px;\nmargin-bottom:10px;\n}\n.hr.av-av_hr-5dbf174a849a1c32a77676695a614c74 .hr-inner{\nwidth:50px;\nborder-color:#e31e25;\n}\n<\/style>\n<div  class='hr av-av_hr-5dbf174a849a1c32a77676695a614c74 hr-custom  avia-builder-el-5  el_after_av_heading  el_before_av_textblock  hr-left hr-icon-no'><span class='hr-inner inner-border-av-border-fat'><span class=\"hr-inner-style\"><\/span><\/span><\/div><br \/>\n<section  class='av_textblock_section av-av_textblock-0366cc7376be6c9e82a3e9cc8987b64f '   itemscope=\"itemscope\" itemtype=\"https:\/\/schema.org\/CreativeWork\" ><div class='avia_textblock'  itemprop=\"text\" ><p style=\"text-align: justify;\">Ein Brandereignis erzeugt einen enormen Schaden. Betroffene befinden sich in einer Ausnahmesituation und m\u00fcssen bei der Bew\u00e4ltigung effektiv unterst\u00fctzt werden. Wir \u00fcbernehmen dabei die Sanierung des Brandschadens! Nach der Schadenfeststellung und Absicherung des Schadensobjektes verhindern unsere Erstma\u00dfnahmen weitere Folgesch\u00e4den. Anschlie\u00dfend beginnt die Sanierung durch Demontage, Reinigung und Wiederherstellung des Schadensobjektes und Hausrates.<\/p>\n<\/div><\/section><\/p><\/div>\n\n<style type=\"text\/css\" data-created_by=\"avia_inline_auto\" id=\"style-css-av-av_one_half-93bea18e2ccb60552a17080633244dec\">\n.flex_column.av-av_one_half-93bea18e2ccb60552a17080633244dec{\nborder-radius:0px 0px 0px 0px;\npadding:0px 0px 0px 0px;\n}\n<\/style>\n<div  class='flex_column av-av_one_half-93bea18e2ccb60552a17080633244dec av_one_half  avia-builder-el-7  el_after_av_one_half  el_before_av_one_half  flex_column_div av-animated-generic bottom-to-top av-zero-column-padding  '     ><p>\n<style type=\"text\/css\" data-created_by=\"avia_inline_auto\" id=\"style-css-av-av_image-bedf3f4595f3dab078437f4fa8c39033\">\n.avia-image-container.av-av_image-bedf3f4595f3dab078437f4fa8c39033 img.avia_image{\nbox-shadow:none;\n}\n.avia-image-container.av-av_image-bedf3f4595f3dab078437f4fa8c39033 .av-image-caption-overlay-center{\ncolor:#ffffff;\n}\n<\/style>\n<div  class='avia-image-container av-av_image-bedf3f4595f3dab078437f4fa8c39033 av-styling-no-styling av-img-linked avia-align-center  avia-builder-el-8  el_before_av_heading  avia-builder-el-first '   itemprop=\"image\" itemscope=\"itemscope\" itemtype=\"https:\/\/schema.org\/ImageObject\" ><div class=\"avia-image-container-inner\"><div class=\"avia-image-overlay-wrap\"><a href=\"https:\/\/bsg-projekt.net\/cms\/leistungen\/wasserschadensanierung\/\" class='avia_image '  aria-label='unterwasser'><img fetchpriority=\"high\" class='wp-image-297 avia-img-lazy-loading-not-297 avia_image ' src='https:\/\/bsg-projekt.net\/cms\/wp-content\/uploads\/2015\/10\/unterwasser-800x321.jpg' alt='' title='unterwasser'  height=\"321\" width=\"800\"  itemprop=\"thumbnailUrl\"  \/><\/a><\/div><\/div><\/div><br \/>\n\n<style type=\"text\/css\" data-created_by=\"avia_inline_auto\" id=\"style-css-av-av_heading-ed561f4ec808d84faa664014217fa02c\">\n#top .av-special-heading.av-av_heading-ed561f4ec808d84faa664014217fa02c{\npadding-bottom:0;\n}\nbody .av-special-heading.av-av_heading-ed561f4ec808d84faa664014217fa02c .av-special-heading-tag .heading-char{\nfont-size:25px;\n}\n.av-special-heading.av-av_heading-ed561f4ec808d84faa664014217fa02c .av-subheading{\nfont-size:15px;\n}\n<\/style>\n<div  class='av-special-heading av-av_heading-ed561f4ec808d84faa664014217fa02c av-special-heading-h3 blockquote modern-quote  avia-builder-el-9  el_after_av_image  el_before_av_hr '><h3 class='av-special-heading-tag '  itemprop=\"headline\"  >Wasserschaden<\/h3><div class=\"special-heading-border\"><div class=\"special-heading-inner-border\"><\/div><\/div><\/div><br \/>\n\n<style type=\"text\/css\" data-created_by=\"avia_inline_auto\" id=\"style-css-av-av_hr-5dbf174a849a1c32a77676695a614c74\">\n#top .hr.av-av_hr-5dbf174a849a1c32a77676695a614c74{\nmargin-top:10px;\nmargin-bottom:10px;\n}\n.hr.av-av_hr-5dbf174a849a1c32a77676695a614c74 .hr-inner{\nwidth:50px;\nborder-color:#e31e25;\n}\n<\/style>\n<div  class='hr av-av_hr-5dbf174a849a1c32a77676695a614c74 hr-custom  avia-builder-el-10  el_after_av_heading  el_before_av_textblock  hr-left hr-icon-no'><span class='hr-inner inner-border-av-border-fat'><span class=\"hr-inner-style\"><\/span><\/span><\/div><br \/>\n<section  class='av_textblock_section av-av_textblock-0366cc7376be6c9e82a3e9cc8987b64f '   itemscope=\"itemscope\" itemtype=\"https:\/\/schema.org\/CreativeWork\" ><div class='avia_textblock'  itemprop=\"text\" ><p style=\"text-align: justify;\">Ein Wasserschaden f\u00fchrt zu schweren Sch\u00e4den an Bausubstanz und Hausrat. Teilweise ist dabei nicht einmal die Ursache einwandfrei erkennbar. Wir \u00fcbernehmen die Leckageortung und sanieren den Wasserschaden! Nach der Schadenfeststellung und Leckageortung verhindern unsere Erstma\u00dfnahmen weitere Folgesch\u00e4den. Anschlie\u00dfend beginnt die Sanierung durch Trocknung, Demontage, Reinigung, Schimmelpilzbeseitigung und Wiederherstellung des Schadensobjektes sowie Hausrates.<\/p>\n<\/div><\/section><\/p><\/div>\n\n<style type=\"text\/css\" data-created_by=\"avia_inline_auto\" id=\"style-css-av-av_one_half-d71a51a707c4656b37c9afbbd6138215\">\n.flex_column.av-av_one_half-d71a51a707c4656b37c9afbbd6138215{\nborder-radius:0px 0px 0px 0px;\npadding:0px 0px 0px 0px;\n}\n<\/style>\n<div  class='flex_column av-av_one_half-d71a51a707c4656b37c9afbbd6138215 av_one_half  avia-builder-el-12  el_after_av_one_half  el_before_av_one_half  first flex_column_div av-animated-generic bottom-to-top av-zero-column-padding  column-top-margin'     ><p>\n<style type=\"text\/css\" data-created_by=\"avia_inline_auto\" id=\"style-css-av-av_image-70069922421318b98967ab061f01239e\">\n.avia-image-container.av-av_image-70069922421318b98967ab061f01239e img.avia_image{\nbox-shadow:none;\n}\n.avia-image-container.av-av_image-70069922421318b98967ab061f01239e .av-image-caption-overlay-center{\ncolor:#ffffff;\n}\n<\/style>\n<div  class='avia-image-container av-av_image-70069922421318b98967ab061f01239e av-styling-no-styling av-img-linked avia-align-center  avia-builder-el-13  el_before_av_heading  avia-builder-el-first '   itemprop=\"image\" itemscope=\"itemscope\" itemtype=\"https:\/\/schema.org\/ImageObject\" ><div class=\"avia-image-container-inner\"><div class=\"avia-image-overlay-wrap\"><a href=\"https:\/\/bsg-projekt.net\/cms\/leistungen\/industriesanierung\/\" class='avia_image '  aria-label='Spanish monument plaque cleaning'><img fetchpriority=\"high\" class='wp-image-567 avia-img-lazy-loading-not-567 avia_image ' src='https:\/\/bsg-projekt.net\/cms\/wp-content\/uploads\/2017\/12\/Spanish-monument-plaque-cleaning-1210x423.jpg' alt='' title='Spanish monument plaque cleaning'  height=\"423\" width=\"1210\"  itemprop=\"thumbnailUrl\"  \/><\/a><\/div><\/div><\/div><br \/>\n\n<style type=\"text\/css\" data-created_by=\"avia_inline_auto\" id=\"style-css-av-av_heading-d6b73c2bd1af5f07db7462afc2893894\">\n#top .av-special-heading.av-av_heading-d6b73c2bd1af5f07db7462afc2893894{\npadding-bottom:0;\n}\nbody .av-special-heading.av-av_heading-d6b73c2bd1af5f07db7462afc2893894 .av-special-heading-tag .heading-char{\nfont-size:25px;\n}\n.av-special-heading.av-av_heading-d6b73c2bd1af5f07db7462afc2893894 .av-subheading{\nfont-size:15px;\n}\n<\/style>\n<div  class='av-special-heading av-av_heading-d6b73c2bd1af5f07db7462afc2893894 av-special-heading-h3 blockquote modern-quote  avia-builder-el-14  el_after_av_image  el_before_av_hr '><h3 class='av-special-heading-tag '  itemprop=\"headline\"  >Industrie<\/h3><div class=\"special-heading-border\"><div class=\"special-heading-inner-border\"><\/div><\/div><\/div><br \/>\n\n<style type=\"text\/css\" data-created_by=\"avia_inline_auto\" id=\"style-css-av-av_hr-5dbf174a849a1c32a77676695a614c74\">\n#top .hr.av-av_hr-5dbf174a849a1c32a77676695a614c74{\nmargin-top:10px;\nmargin-bottom:10px;\n}\n.hr.av-av_hr-5dbf174a849a1c32a77676695a614c74 .hr-inner{\nwidth:50px;\nborder-color:#e31e25;\n}\n<\/style>\n<div  class='hr av-av_hr-5dbf174a849a1c32a77676695a614c74 hr-custom  avia-builder-el-15  el_after_av_heading  el_before_av_textblock  hr-left hr-icon-no'><span class='hr-inner inner-border-av-border-fat'><span class=\"hr-inner-style\"><\/span><\/span><\/div><br \/>\n<section  class='av_textblock_section av-av_textblock-0366cc7376be6c9e82a3e9cc8987b64f '   itemscope=\"itemscope\" itemtype=\"https:\/\/schema.org\/CreativeWork\" ><div class='avia_textblock'  itemprop=\"text\" ><p style=\"text-align: justify;\">Sanierungsbed\u00fcrftige Sch\u00e4den fallen auch in gr\u00f6\u00dferen Ma\u00dfst\u00e4ben an, wie z.B. beim Ausbrennen eines Zugwaggons. Schadensf\u00e4lle in Unternehmen unterschiedlicher Gr\u00f6\u00dfe stellen besondere Anforderungen an den Material- und Logistikaufwand. Um laufende Produktionsprozesse nicht l\u00e4nger als notwendig zu unterbrechen, richten wir eine schnelle und professionelle Erstversorgung des Schadens ein. Bei einer Industriereinigung treten Brand-, Wasser- und weitere Sch\u00e4den oftmals in Verbindung auf, weshalb verschiedene Sanierungsschritte in gro\u00dfem Umfang kombiniert werden m\u00fcssen. Wir als BSG Projektierungs GmbH sanieren Industriesch\u00e4den aus einer Hand!<\/p>\n<\/div><\/section><\/p><\/div>\n<style type=\"text\/css\" data-created_by=\"avia_inline_auto\" id=\"style-css-av-av_one_half-93bea18e2ccb60552a17080633244dec\">\n.flex_column.av-av_one_half-93bea18e2ccb60552a17080633244dec{\nborder-radius:0px 0px 0px 0px;\npadding:0px 0px 0px 0px;\n}\n<\/style>\n<div  class='flex_column av-av_one_half-93bea18e2ccb60552a17080633244dec av_one_half  avia-builder-el-17  el_after_av_one_half  el_before_av_one_half  flex_column_div av-animated-generic bottom-to-top av-zero-column-padding  column-top-margin'     ><p>\n<style type=\"text\/css\" data-created_by=\"avia_inline_auto\" id=\"style-css-av-av_image-0f65e8703489382930046fc8e802ceb7\">\n.avia-image-container.av-av_image-0f65e8703489382930046fc8e802ceb7 img.avia_image{\nbox-shadow:none;\n}\n.avia-image-container.av-av_image-0f65e8703489382930046fc8e802ceb7 .av-image-caption-overlay-center{\ncolor:#ffffff;\n}\n<\/style>\n<div  class='avia-image-container av-av_image-0f65e8703489382930046fc8e802ceb7 av-styling-no-styling av-img-linked avia-align-  avia-builder-el-18  el_before_av_heading  avia-builder-el-first '   itemprop=\"image\" itemscope=\"itemscope\" itemtype=\"https:\/\/schema.org\/ImageObject\" ><div class=\"avia-image-container-inner\"><div class=\"avia-image-overlay-wrap\"><a href=\"https:\/\/bsg-projekt.net\/cms\/leistungen\/trocknung\/\" class='avia_image '  aria-label='DSCN5607'><img fetchpriority=\"high\" class='wp-image-868 avia-img-lazy-loading-not-868 avia_image ' src='https:\/\/bsg-projekt.net\/cms\/wp-content\/uploads\/2018\/01\/DSCN5607-1210x423.jpg' alt='' title='DSCN5607'  height=\"423\" width=\"1210\"  itemprop=\"thumbnailUrl\"  \/><\/a><\/div><\/div><\/div><br \/>\n\n<style type=\"text\/css\" data-created_by=\"avia_inline_auto\" id=\"style-css-av-av_heading-a1400520ec8e27f524a30de16e6d1c98\">\n#top .av-special-heading.av-av_heading-a1400520ec8e27f524a30de16e6d1c98{\npadding-bottom:0;\n}\nbody .av-special-heading.av-av_heading-a1400520ec8e27f524a30de16e6d1c98 .av-special-heading-tag .heading-char{\nfont-size:25px;\n}\n.av-special-heading.av-av_heading-a1400520ec8e27f524a30de16e6d1c98 .av-subheading{\nfont-size:15px;\n}\n<\/style>\n<div  class='av-special-heading av-av_heading-a1400520ec8e27f524a30de16e6d1c98 av-special-heading-h3 blockquote modern-quote  avia-builder-el-19  el_after_av_image  el_before_av_hr '><h3 class='av-special-heading-tag '  itemprop=\"headline\"  >Trocknung<\/h3><div class=\"special-heading-border\"><div class=\"special-heading-inner-border\"><\/div><\/div><\/div><br \/>\n\n<style type=\"text\/css\" data-created_by=\"avia_inline_auto\" id=\"style-css-av-av_hr-5dbf174a849a1c32a77676695a614c74\">\n#top .hr.av-av_hr-5dbf174a849a1c32a77676695a614c74{\nmargin-top:10px;\nmargin-bottom:10px;\n}\n.hr.av-av_hr-5dbf174a849a1c32a77676695a614c74 .hr-inner{\nwidth:50px;\nborder-color:#e31e25;\n}\n<\/style>\n<div  class='hr av-av_hr-5dbf174a849a1c32a77676695a614c74 hr-custom  avia-builder-el-20  el_after_av_heading  el_before_av_textblock  hr-left hr-icon-no'><span class='hr-inner inner-border-av-border-fat'><span class=\"hr-inner-style\"><\/span><\/span><\/div><br \/>\n<section  class='av_textblock_section av-av_textblock-0366cc7376be6c9e82a3e9cc8987b64f '   itemscope=\"itemscope\" itemtype=\"https:\/\/schema.org\/CreativeWork\" ><div class='avia_textblock'  itemprop=\"text\" ><p style=\"text-align: justify;\">Die Trocknung von Objekten und Hausrat ist nach Brand- und Wassersch\u00e4den ein wichtiger Bestandteil der Sanierung. Ganz gleich ob Feuchtigkeit durch L\u00f6schwasser oder Leckagen verursacht wird, eine umfassende und vollst\u00e4ndige Trocknung ist in jedem Fall erforderlich. Durch ein schnelles Einleiten der Trocknung k\u00f6nnen Folgesch\u00e4den minimiert und Kosten eingespart werden. Wir \u00fcbernehmen die Trocknung und wenden daf\u00fcr passende und effiziente Methoden an!<\/p>\n<\/div><\/section><\/p><\/div><\/p>\n\n<style type=\"text\/css\" data-created_by=\"avia_inline_auto\" id=\"style-css-av-av_one_half-d71a51a707c4656b37c9afbbd6138215\">\n.flex_column.av-av_one_half-d71a51a707c4656b37c9afbbd6138215{\nborder-radius:0px 0px 0px 0px;\npadding:0px 0px 0px 0px;\n}\n<\/style>\n<div  class='flex_column av-av_one_half-d71a51a707c4656b37c9afbbd6138215 av_one_half  avia-builder-el-22  el_after_av_one_half  el_before_av_one_half  first flex_column_div av-animated-generic bottom-to-top av-zero-column-padding  column-top-margin'     ><p>\n<style type=\"text\/css\" data-created_by=\"avia_inline_auto\" id=\"style-css-av-av_image-b1f31a38a7d0a047f14ae8a77e486a42\">\n.avia-image-container.av-av_image-b1f31a38a7d0a047f14ae8a77e486a42 img.avia_image{\nbox-shadow:none;\n}\n.avia-image-container.av-av_image-b1f31a38a7d0a047f14ae8a77e486a42 .av-image-caption-overlay-center{\ncolor:#ffffff;\n}\n<\/style>\n<div  class='avia-image-container av-av_image-b1f31a38a7d0a047f14ae8a77e486a42 av-styling-no-styling av-img-linked avia-align-center  avia-builder-el-23  el_before_av_heading  avia-builder-el-first '   itemprop=\"image\" itemscope=\"itemscope\" itemtype=\"https:\/\/schema.org\/ImageObject\" ><div class=\"avia-image-container-inner\"><div class=\"avia-image-overlay-wrap\"><a href=\"https:\/\/bsg-projekt.net\/cms\/leistungen\/schimmelpilzsanierung\/\" class='avia_image '  aria-label='DSC_7696'><img fetchpriority=\"high\" class='wp-image-863 avia-img-lazy-loading-not-863 avia_image ' src='https:\/\/bsg-projekt.net\/cms\/wp-content\/uploads\/2018\/01\/DSC_7696-1210x423.jpg' alt='' title='DSC_7696'  height=\"423\" width=\"1210\"  itemprop=\"thumbnailUrl\"  \/><\/a><\/div><\/div><\/div><br \/>\n\n<style type=\"text\/css\" data-created_by=\"avia_inline_auto\" id=\"style-css-av-av_heading-46b7e55883320103f3009a4c71c28875\">\n#top .av-special-heading.av-av_heading-46b7e55883320103f3009a4c71c28875{\npadding-bottom:0;\n}\nbody .av-special-heading.av-av_heading-46b7e55883320103f3009a4c71c28875 .av-special-heading-tag .heading-char{\nfont-size:25px;\n}\n.av-special-heading.av-av_heading-46b7e55883320103f3009a4c71c28875 .av-subheading{\nfont-size:15px;\n}\n<\/style>\n<div  class='av-special-heading av-av_heading-46b7e55883320103f3009a4c71c28875 av-special-heading-h3 blockquote modern-quote  avia-builder-el-24  el_after_av_image  el_before_av_hr '><h3 class='av-special-heading-tag '  itemprop=\"headline\"  >Schimmelsanierung<\/h3><div class=\"special-heading-border\"><div class=\"special-heading-inner-border\"><\/div><\/div><\/div><br \/>\n\n<style type=\"text\/css\" data-created_by=\"avia_inline_auto\" id=\"style-css-av-av_hr-5dbf174a849a1c32a77676695a614c74\">\n#top .hr.av-av_hr-5dbf174a849a1c32a77676695a614c74{\nmargin-top:10px;\nmargin-bottom:10px;\n}\n.hr.av-av_hr-5dbf174a849a1c32a77676695a614c74 .hr-inner{\nwidth:50px;\nborder-color:#e31e25;\n}\n<\/style>\n<div  class='hr av-av_hr-5dbf174a849a1c32a77676695a614c74 hr-custom  avia-builder-el-25  el_after_av_heading  el_before_av_textblock  hr-left hr-icon-no'><span class='hr-inner inner-border-av-border-fat'><span class=\"hr-inner-style\"><\/span><\/span><\/div><br \/>\n<section  class='av_textblock_section av-av_textblock-0366cc7376be6c9e82a3e9cc8987b64f '   itemscope=\"itemscope\" itemtype=\"https:\/\/schema.org\/CreativeWork\" ><div class='avia_textblock'  itemprop=\"text\" ><p style=\"text-align: justify;\">Infolge eines Wasserschadens ist die Bildung von Schimmelkulturen h\u00e4ufiges Resultat. Schimmelpilze greifen die Bausubstanz an und sind gesundheitsgef\u00e4hrdend. Eine fachgerechte und umfangreiche Beseitigung von Schimmelpilzen ist daher notwendig. Bei der Entfernung sind Sachverstand und Sorgfalt Voraussetzung. Wir \u00fcbernehmen diese Aufgabe und entfernen Schimmelpilze vollst\u00e4ndig!<\/p>\n<\/div><\/section><\/p><\/div>\n\n<style type=\"text\/css\" data-created_by=\"avia_inline_auto\" id=\"style-css-av-av_one_half-93bea18e2ccb60552a17080633244dec\">\n.flex_column.av-av_one_half-93bea18e2ccb60552a17080633244dec{\nborder-radius:0px 0px 0px 0px;\npadding:0px 0px 0px 0px;\n}\n<\/style>\n<div  class='flex_column av-av_one_half-93bea18e2ccb60552a17080633244dec av_one_half  avia-builder-el-27  el_after_av_one_half  avia-builder-el-last  flex_column_div av-animated-generic bottom-to-top av-zero-column-padding  column-top-margin'     ><p>\n<style type=\"text\/css\" data-created_by=\"avia_inline_auto\" id=\"style-css-av-av_image-1e025d033b90ef5206071518737bab2d\">\n.avia-image-container.av-av_image-1e025d033b90ef5206071518737bab2d img.avia_image{\nbox-shadow:none;\n}\n.avia-image-container.av-av_image-1e025d033b90ef5206071518737bab2d .av-image-caption-overlay-center{\ncolor:#ffffff;\n}\n<\/style>\n<div  class='avia-image-container av-av_image-1e025d033b90ef5206071518737bab2d av-styling-no-styling av-img-linked avia-align-center  avia-builder-el-28  el_before_av_heading  avia-builder-el-first '   itemprop=\"image\" itemscope=\"itemscope\" itemtype=\"https:\/\/schema.org\/ImageObject\" ><div class=\"avia-image-container-inner\"><div class=\"avia-image-overlay-wrap\"><a href=\"http:\/\/bsg-projekt.net\/cms\/sdi-select-60\/\" class='avia_image '  aria-label='IMG_0164'><img fetchpriority=\"high\" class='wp-image-487 avia-img-lazy-loading-not-487 avia_image ' src='https:\/\/bsg-projekt.net\/cms\/wp-content\/uploads\/2017\/12\/IMG_0164-1210x423.jpg' alt='' title='IMG_0164'  height=\"423\" width=\"1210\"  itemprop=\"thumbnailUrl\"  \/><\/a><\/div><\/div><\/div><br \/>\n\n<style type=\"text\/css\" data-created_by=\"avia_inline_auto\" id=\"style-css-av-av_heading-dc2085163bcb7b386538acb00812dd45\">\n#top .av-special-heading.av-av_heading-dc2085163bcb7b386538acb00812dd45{\npadding-bottom:0;\n}\nbody .av-special-heading.av-av_heading-dc2085163bcb7b386538acb00812dd45 .av-special-heading-tag .heading-char{\nfont-size:25px;\n}\n.av-special-heading.av-av_heading-dc2085163bcb7b386538acb00812dd45 .av-subheading{\nfont-size:15px;\n}\n<\/style>\n<div  class='av-special-heading av-av_heading-dc2085163bcb7b386538acb00812dd45 av-special-heading-h3 blockquote modern-quote  avia-builder-el-29  el_after_av_image  el_before_av_hr '><h3 class='av-special-heading-tag '  itemprop=\"headline\"  >Weitere Leistungen<\/h3><div class=\"special-heading-border\"><div class=\"special-heading-inner-border\"><\/div><\/div><\/div><br \/>\n\n<style type=\"text\/css\" data-created_by=\"avia_inline_auto\" id=\"style-css-av-av_hr-5dbf174a849a1c32a77676695a614c74\">\n#top .hr.av-av_hr-5dbf174a849a1c32a77676695a614c74{\nmargin-top:10px;\nmargin-bottom:10px;\n}\n.hr.av-av_hr-5dbf174a849a1c32a77676695a614c74 .hr-inner{\nwidth:50px;\nborder-color:#e31e25;\n}\n<\/style>\n<div  class='hr av-av_hr-5dbf174a849a1c32a77676695a614c74 hr-custom  avia-builder-el-30  el_after_av_heading  el_before_av_textblock  hr-left hr-icon-no'><span class='hr-inner inner-border-av-border-fat'><span class=\"hr-inner-style\"><\/span><\/span><\/div><br \/>\n<section  class='av_textblock_section av-av_textblock-0366cc7376be6c9e82a3e9cc8987b64f '   itemscope=\"itemscope\" itemtype=\"https:\/\/schema.org\/CreativeWork\" ><div class='avia_textblock'  itemprop=\"text\" ><p style=\"text-align: justify;\">Vandalenakte oder Einbr\u00fcche sind mit Besch\u00e4digungen und Verunreinigungen des Eigentums der Betroffenen verbunden. Neben den materiellen Verlusten und der psychischen Belastung ist die Wiederherstellung und Sanierung ein wichtiger Baustein, um den entstandenen Schaden zu beheben. Wir \u00fcbernehmen diese Aufgabe und stellen den Ausgangszustand wieder her!<\/p>\n<\/div><\/section><\/p><\/div>\n","protected":false},"excerpt":{"rendered":"","protected":false},"author":1,"featured_media":0,"parent":0,"menu_order":0,"comment_status":"closed","ping_status":"closed","template":"","meta":{"footnotes":""},"class_list":["post-25","page","type-page","status-publish","hentry"],"_links":{"self":[{"href":"https:\/\/bsg-projekt.net\/cms\/wp-json\/wp\/v2\/pages\/25","targetHints":{"allow":["GET"]}}],"collection":[{"href":"https:\/\/bsg-projekt.net\/cms\/wp-json\/wp\/v2\/pages"}],"about":[{"href":"https:\/\/bsg-projekt.net\/cms\/wp-json\/wp\/v2\/types\/page"}],"author":[{"embeddable":true,"href":"https:\/\/bsg-projekt.net\/cms\/wp-json\/wp\/v2\/users\/1"}],"replies":[{"embeddable":true,"href":"https:\/\/bsg-projekt.net\/cms\/wp-json\/wp\/v2\/comments?post=25"}],"version-history":[{"count":11,"href":"https:\/\/bsg-projekt.net\/cms\/wp-json\/wp\/v2\/pages\/25\/revisions"}],"predecessor-version":[{"id":1080,"href":"https:\/\/bsg-projekt.net\/cms\/wp-json\/wp\/v2\/pages\/25\/revisions\/1080"}],"wp:attachment":[{"href":"https:\/\/bsg-projekt.net\/cms\/wp-json\/wp\/v2\/media?parent=25"}],"curies":[{"name":"wp","href":"https:\/\/api.w.org\/{rel}","templated":true}]}}