{"id":513,"date":"2017-12-12T14:40:31","date_gmt":"2017-12-12T13:40:31","guid":{"rendered":"http:\/\/bsg-projekt.net\/cms\/?page_id=513"},"modified":"2018-02-02T08:18:42","modified_gmt":"2018-02-02T07:18:42","slug":"coldjet","status":"publish","type":"page","link":"https:\/\/bsg-projekt.net\/cms\/sdi-select-60\/coldjet\/","title":{"rendered":"Schadensanierung"},"content":{"rendered":"<div  class='avia-slideshow av-av_slideshow-8fced049ccd559e945bdbf8d97b891d0 avia-slideshow-featured_large av_slideshow avia-fade-slider  avia-builder-el-0  el_before_av_one_half  avia-builder-el-first  av-slideshow-ui av-control-hidden av-no-slider-navigation av-hide-nav-arrows av-slideshow-autoplay av-loop-endless av-loop-manual-endless av-default-height-applied avia-slideshow-1' data-slideshow-options=\"{&quot;animation&quot;:&quot;fade&quot;,&quot;autoplay&quot;:true,&quot;loop_autoplay&quot;:&quot;endless&quot;,&quot;interval&quot;:5,&quot;loop_manual&quot;:&quot;manual-endless&quot;,&quot;autoplay_stopper&quot;:false,&quot;noNavigation&quot;:true,&quot;bg_slider&quot;:false,&quot;keep_padding&quot;:false,&quot;hoverpause&quot;:false,&quot;show_slide_delay&quot;:0}\"  itemprop=\"image\" itemscope=\"itemscope\" itemtype=\"https:\/\/schema.org\/ImageObject\" ><ul class='avia-slideshow-inner ' style='padding-bottom: 42%;'><li  class='avia-slideshow-slide av-av_slideshow-8fced049ccd559e945bdbf8d97b891d0__0  slide-1 slide-odd'><div data-rel='slideshow-1' class='avia-slide-wrap '   ><div class='av-slideshow-caption av-av_slideshow-8fced049ccd559e945bdbf8d97b891d0__0 avia-caption'><div class=\"avia-inner-caption\"><h2 class='avia-caption-title '  itemprop=\"name\" >FEUERSANIERUNG<\/h2><\/div><\/div><img fetchpriority=\"high\" class=\"wp-image-516 avia-img-lazy-loading-not-516\"  src='https:\/\/bsg-projekt.net\/cms\/wp-content\/uploads\/2017\/12\/Blasting-on-Stomach-1500x630.jpg' width='1500' height='630' title='OLYMPUS DIGITAL CAMERA' alt=''  itemprop=\"thumbnailUrl\"   \/><\/div><\/li><li  class='avia-slideshow-slide av-av_slideshow-8fced049ccd559e945bdbf8d97b891d0__1  slide-2 slide-even'><div data-rel='slideshow-1' class='avia-slide-wrap '   ><div class='av-slideshow-caption av-av_slideshow-8fced049ccd559e945bdbf8d97b891d0__1 avia-caption'><div class=\"avia-inner-caption\"><h2 class='avia-caption-title '  itemprop=\"name\" >SCHIMMELSANIERUNG<\/h2><\/div><\/div><img fetchpriority=\"high\" class=\"wp-image-533 avia-img-lazy-loading-not-533\"  src='https:\/\/bsg-projekt.net\/cms\/wp-content\/uploads\/2017\/12\/Blasting-on-Stomach-Kopie-1500x630.jpg' width='1500' height='630' title='OLYMPUS DIGITAL CAMERA' alt=''  itemprop=\"thumbnailUrl\"   \/><\/div><\/li><\/ul><div class='avia-slideshow-arrows avia-slideshow-controls' ><a href='#prev' class='prev-slide ' aria-hidden='true' data-av_icon='\ue87c' data-av_iconfont='entypo-fontello'  tabindex='-1'>Zur\u00fcck<\/a><a href='#next' class='next-slide ' aria-hidden='true' data-av_icon='\ue87d' data-av_iconfont='entypo-fontello'  tabindex='-1'>Weiter<\/a><\/div><\/div>\n\n<style type=\"text\/css\" data-created_by=\"avia_inline_auto\" id=\"style-css-av-av_one_half-d71a51a707c4656b37c9afbbd6138215\">\n.flex_column.av-av_one_half-d71a51a707c4656b37c9afbbd6138215{\nborder-radius:0px 0px 0px 0px;\npadding:0px 0px 0px 0px;\n}\n<\/style>\n<div  class='flex_column av-av_one_half-d71a51a707c4656b37c9afbbd6138215 av_one_half  avia-builder-el-1  el_after_av_slideshow  el_before_av_one_half  first flex_column_div av-animated-generic bottom-to-top av-zero-column-padding  '     ><p>\n<style type=\"text\/css\" data-created_by=\"avia_inline_auto\" id=\"style-css-av-av_heading-284593d1daa74d3cde21c886b90f183c\">\n#top .av-special-heading.av-av_heading-284593d1daa74d3cde21c886b90f183c{\npadding-bottom:0;\n}\nbody .av-special-heading.av-av_heading-284593d1daa74d3cde21c886b90f183c .av-special-heading-tag .heading-char{\nfont-size:25px;\n}\n.av-special-heading.av-av_heading-284593d1daa74d3cde21c886b90f183c .av-subheading{\nfont-size:15px;\n}\n<\/style>\n<div  class='av-special-heading av-av_heading-284593d1daa74d3cde21c886b90f183c av-special-heading-h2 blockquote modern-quote  avia-builder-el-2  el_before_av_textblock  avia-builder-el-first '><h2 class='av-special-heading-tag '  itemprop=\"headline\"  >Schadensanierung<\/h2><div class='av-subheading av-subheading_below'><p>Komplette Reinigung in weniger Zeit = Mehr Profit<\/p>\n<\/div><div class=\"special-heading-border\"><div class=\"special-heading-inner-border\"><\/div><\/div><\/div><br \/>\n\n<style type=\"text\/css\" data-created_by=\"avia_inline_auto\" id=\"style-css-av-av_textblock-8e5bdedebac81bcd937ed355ccd26d60\">\n#top .av_textblock_section.av-av_textblock-8e5bdedebac81bcd937ed355ccd26d60 .avia_textblock{\ncolor:#000000;\n}\n<\/style>\n<section  class='av_textblock_section av-av_textblock-8e5bdedebac81bcd937ed355ccd26d60 '   itemscope=\"itemscope\" itemtype=\"https:\/\/schema.org\/CreativeWork\" ><div class='avia_textblock av_inherit_color'  itemprop=\"text\" ><p style=\"text-align: justify;\"><span style=\"font-size: 20px;\"><strong><span style=\"color: #ff0000;\">Eine schnellere, saubere Reinigung.<\/span><br \/>\n<\/strong><\/span><br \/>\nWenn Schaden entsteht, folgt die Nachfrage nach sofortiger Reinigung. Ob Feuer-, Rauch-, Wasser- oder Schimmelschaden, traditionelle Reinigungsmethoden sind zeitraubend, m\u00fchsam und meistens wird nicht alles entfernt. Cold Jet\u2019s Trockeneisstrahlsysteme sind bis zu 3 mal schneller als traditionelle Reinigungsmethoden und bieten eine bessere Reinigung.<\/p>\n<\/div><\/section><\/p><\/div>\n\n<style type=\"text\/css\" data-created_by=\"avia_inline_auto\" id=\"style-css-av-av_one_half-93bea18e2ccb60552a17080633244dec\">\n.flex_column.av-av_one_half-93bea18e2ccb60552a17080633244dec{\nborder-radius:0px 0px 0px 0px;\npadding:0px 0px 0px 0px;\n}\n<\/style>\n<div  class='flex_column av-av_one_half-93bea18e2ccb60552a17080633244dec av_one_half  avia-builder-el-4  el_after_av_one_half  el_before_av_one_full  flex_column_div av-animated-generic bottom-to-top av-zero-column-padding  '     ><p>\n<style type=\"text\/css\" data-created_by=\"avia_inline_auto\" id=\"style-css-av-av_image-9756aa2ccf0bdd4e404350aec8843422\">\n.avia-image-container.av-av_image-9756aa2ccf0bdd4e404350aec8843422 img.avia_image{\nbox-shadow:none;\n}\n.avia-image-container.av-av_image-9756aa2ccf0bdd4e404350aec8843422 .av-image-caption-overlay-center{\ncolor:#ffffff;\n}\n<\/style>\n<div  class='avia-image-container av-av_image-9756aa2ccf0bdd4e404350aec8843422 av-styling- avia-align-center  avia-builder-el-5  el_before_av_textblock  avia-builder-el-first '   itemprop=\"image\" itemscope=\"itemscope\" itemtype=\"https:\/\/schema.org\/ImageObject\" ><div class=\"avia-image-container-inner\"><div class=\"avia-image-overlay-wrap\"><img fetchpriority=\"high\" class='wp-image-536 avia-img-lazy-loading-not-536 avia_image ' src='https:\/\/bsg-projekt.net\/cms\/wp-content\/uploads\/2017\/12\/Unbenannt-1.jpg' alt='' title='Unbenannt-1'  height=\"169\" width=\"705\"  itemprop=\"thumbnailUrl\"  \/><\/div><\/div><\/div><br \/>\n\n<style type=\"text\/css\" data-created_by=\"avia_inline_auto\" id=\"style-css-av-av_textblock-8e5bdedebac81bcd937ed355ccd26d60\">\n#top .av_textblock_section.av-av_textblock-8e5bdedebac81bcd937ed355ccd26d60 .avia_textblock{\ncolor:#000000;\n}\n<\/style>\n<section  class='av_textblock_section av-av_textblock-8e5bdedebac81bcd937ed355ccd26d60 '   itemscope=\"itemscope\" itemtype=\"https:\/\/schema.org\/CreativeWork\" ><div class='avia_textblock av_inherit_color'  itemprop=\"text\" ><p style=\"text-align: justify;\">Selbst in engen Winkeln z. B. auf dem Dachstuhl, um N\u00e4gel und Verdrahtungen herum. Zus\u00e4tzlich dekontaminiert das Trockeneisstrahlen Oberfl\u00e4chen und macht sie so porentief sauber ohne Chemie. Schlie\u00dfen Sie sich erfolgreichen Firmen an die gelernt haben Cold Jet als Ihren Wettbewerbsvorteil zu nutzen.<\/p>\n<\/div><\/section><\/p><\/div>\n\n<style type=\"text\/css\" data-created_by=\"avia_inline_auto\" id=\"style-css-av-av_one_full-d71a51a707c4656b37c9afbbd6138215\">\n.flex_column.av-av_one_full-d71a51a707c4656b37c9afbbd6138215{\nborder-radius:0px 0px 0px 0px;\npadding:0px 0px 0px 0px;\n}\n<\/style>\n<div  class='flex_column av-av_one_full-d71a51a707c4656b37c9afbbd6138215 av_one_full  avia-builder-el-7  el_after_av_one_half  el_before_av_one_full  first flex_column_div av-animated-generic bottom-to-top av-zero-column-padding  column-top-margin'     ><div  class='togglecontainer av-av_toggle_container-58d3b55d78679e2c4a6f7b2e625e97f8  avia-builder-el-8  avia-builder-el-no-sibling  toggle_close_all' >\n<section class='av_toggle_section av-av_toggle-ef3158b5736c36562e30fcbbac4826a3'  itemscope=\"itemscope\" itemtype=\"https:\/\/schema.org\/CreativeWork\" ><div role=\"tablist\" class=\"single_toggle\" data-tags=\"{Alle} \"  ><p id='toggle-toggle-id-1' data-fake-id='#toggle-id-1' class='toggler  activeTitle av-title-above '  itemprop=\"headline\"  role='tab' tabindex='0' aria-controls='toggle-id-1' data-slide-speed=\"200\" data-title=\"ANWENDUNGEN\" data-title-open=\"\" data-aria_collapsed=\"Click to expand: ANWENDUNGEN\" data-aria_expanded=\"Click to collapse: ANWENDUNGEN\">ANWENDUNGEN<span class=\"toggle_icon\"><span class=\"vert_icon\"><\/span><span class=\"hor_icon\"><\/span><\/span><\/p><div id='toggle-id-1' aria-labelledby='toggle-toggle-id-1' role='region' class='toggle_wrap  active_tc av-title-above' style='display:block;' ><div class='toggle_content invers-color '  itemprop=\"text\" ><p><span style=\"color: #000000;\">\u2022 Feuer- und Rauchsanierung<\/span><br \/>\n<span style=\"color: #000000;\"> \u2022 Schimmelsanierung<\/span><br \/>\n<span style=\"color: #000000;\"> \u2022 Geruchsbeseitigung<\/span><br \/>\n<span style=\"color: #000000;\"> \u2022 Wassersch\u00e4den<\/span><br \/>\n<span style=\"color: #000000;\"> \u2022 Dekontamination von Oberfl\u00e4chen<\/span><br \/>\n<span style=\"color: #000000;\"> \u2022 Bestandserhaltung<\/span><\/p>\n<\/div><\/div><\/div><\/section>\n<section class='av_toggle_section av-av_toggle-292e00c1c544a8c5ddfe94c69b9c69a2'  itemscope=\"itemscope\" itemtype=\"https:\/\/schema.org\/CreativeWork\" ><div role=\"tablist\" class=\"single_toggle\" data-tags=\"{Alle} \"  ><p id='toggle-toggle-id-2' data-fake-id='#toggle-id-2' class='toggler  av-title-above '  itemprop=\"headline\"  role='tab' tabindex='0' aria-controls='toggle-id-2' data-slide-speed=\"200\" data-title=\"VORTEILE\" data-title-open=\"\" data-aria_collapsed=\"Click to expand: VORTEILE\" data-aria_expanded=\"Click to collapse: VORTEILE\">VORTEILE<span class=\"toggle_icon\"><span class=\"vert_icon\"><\/span><span class=\"hor_icon\"><\/span><\/span><\/p><div id='toggle-id-2' aria-labelledby='toggle-toggle-id-2' role='region' class='toggle_wrap  av-title-above'  ><div class='toggle_content invers-color '  itemprop=\"text\" ><p><span style=\"color: #000000;\">\u2022 Reduziert Reinigungszeit<\/span><br \/>\n<span style=\"color: #000000;\"> \u2022 Reduziert Bedarf an Arbeitskr\u00e4ften<\/span><br \/>\n<span style=\"color: #000000;\"> \u2022 Kein Sekund\u00e4r Abfall<\/span><br \/>\n<span style=\"color: #000000;\"> \u2022 Chemiefreier Prozess<\/span><br \/>\n<span style=\"color: #000000;\"> \u2022 100%-Form-Sporeabbau vom Holz<\/span><br \/>\n<span style=\"color: #000000;\"> \u2022 Beseitung des Geruchs von Feuersch\u00e4den<\/span><br \/>\n<span style=\"color: #000000;\"> \u2022 Umweltfreundlicher sicherer Prozess<\/span><\/p>\n<\/div><\/div><\/div><\/section>\n<section class='av_toggle_section av-av_toggle-295d9b6a03eb5686453864b30756c4c4'  itemscope=\"itemscope\" itemtype=\"https:\/\/schema.org\/CreativeWork\" ><div role=\"tablist\" class=\"single_toggle\" data-tags=\"{Alle} \"  ><p id='toggle-toggle-id-3' data-fake-id='#toggle-id-3' class='toggler  av-title-above '  itemprop=\"headline\"  role='tab' tabindex='0' aria-controls='toggle-id-3' data-slide-speed=\"200\" data-title=\"REFERENZEN\" data-title-open=\"\" data-aria_collapsed=\"Click to expand: REFERENZEN\" data-aria_expanded=\"Click to collapse: REFERENZEN\">REFERENZEN<span class=\"toggle_icon\"><span class=\"vert_icon\"><\/span><span class=\"hor_icon\"><\/span><\/span><\/p><div id='toggle-id-3' aria-labelledby='toggle-toggle-id-3' role='region' class='toggle_wrap  av-title-above'  ><div class='toggle_content invers-color '  itemprop=\"text\" ><p><span style=\"color: #000000;\">\u201cMit den Cold Jet Trockeneisstrahlsystemen erhalten wir die beste Reinigungsqualit\u00e4t. Beschichtungen und Geruchsbeseitiger werden nur minimal benutzt da Cold Jet\u2019s Trockeneisstrahlen 100 % des verkohlten Holzes, welches den Geruch speichert, beseitigt.\u201d<\/span><\/p>\n<p><span style=\"color: #000000;\">Tom Monacelli Advanced Indoor Air<\/span><\/p>\n<p><span style=\"color: #000000;\">Schlie\u00dfen Sie sich den industrief\u00fchrenden<\/span><br \/>\n<span style=\"color: #000000;\"> Firmen an, die bereits von Cold Jet<\/span><br \/>\n<span style=\"color: #000000;\"> Trockeneisstrahlsystemen profitieren.<\/span><\/p>\n<p><img loading=\"lazy\" decoding=\"async\" class=\"alignnone size-portfolio wp-image-517\" src=\"http:\/\/bsg-projekt.net\/cms\/wp-content\/uploads\/2017\/12\/Bildschirmfoto-2017-12-12-um-14.50.49.png\" alt=\"\" width=\"158\" height=\"67\" \/> <img loading=\"lazy\" decoding=\"async\" class=\"alignnone size-portfolio wp-image-518\" src=\"http:\/\/bsg-projekt.net\/cms\/wp-content\/uploads\/2017\/12\/Industrie-Schadensanierung.jpg\" alt=\"\" width=\"234\" height=\"126\" \/><\/p>\n<\/div><\/div><\/div><\/section>\n<\/div><\/div>\n\n<style type=\"text\/css\" data-created_by=\"avia_inline_auto\" id=\"style-css-av-av_one_full-d71a51a707c4656b37c9afbbd6138215\">\n.flex_column.av-av_one_full-d71a51a707c4656b37c9afbbd6138215{\nborder-radius:0px 0px 0px 0px;\npadding:0px 0px 0px 0px;\n}\n<\/style>\n<div  class='flex_column av-av_one_full-d71a51a707c4656b37c9afbbd6138215 av_one_full  avia-builder-el-9  el_after_av_one_full  el_before_av_one_full  first flex_column_div av-animated-generic bottom-to-top av-zero-column-padding  column-top-margin'     ><p>\n<style type=\"text\/css\" data-created_by=\"avia_inline_auto\" id=\"style-css-av-av_heading-fd3220d6a4690ed8e6a455dc34a3624a\">\n#top .av-special-heading.av-av_heading-fd3220d6a4690ed8e6a455dc34a3624a{\npadding-bottom:0;\ncolor:#ea3838;\n}\nbody .av-special-heading.av-av_heading-fd3220d6a4690ed8e6a455dc34a3624a .av-special-heading-tag .heading-char{\nfont-size:25px;\n}\n.av-special-heading.av-av_heading-fd3220d6a4690ed8e6a455dc34a3624a .special-heading-inner-border{\nborder-color:#ea3838;\n}\n.av-special-heading.av-av_heading-fd3220d6a4690ed8e6a455dc34a3624a .av-subheading{\nfont-size:15px;\n}\n<\/style>\n<div  class='av-special-heading av-av_heading-fd3220d6a4690ed8e6a455dc34a3624a av-special-heading-h2 custom-color-heading blockquote modern-quote  avia-builder-el-10  el_before_av_textblock  avia-builder-el-first '><h2 class='av-special-heading-tag '  itemprop=\"headline\"  >Cold Jet vs. traditionelle Reinigungsmethoden<\/h2><div class=\"special-heading-border\"><div class=\"special-heading-inner-border\"><\/div><\/div><\/div><br \/>\n<section  class='av_textblock_section av-av_textblock-0366cc7376be6c9e82a3e9cc8987b64f '   itemscope=\"itemscope\" itemtype=\"https:\/\/schema.org\/CreativeWork\" ><div class='avia_textblock'  itemprop=\"text\" ><p><img loading=\"lazy\" decoding=\"async\" class=\"alignnone size-full wp-image-519\" src=\"http:\/\/bsg-projekt.net\/cms\/wp-content\/uploads\/2017\/12\/Bildschirmfoto-2017-12-12-um-14.52.27.png\" alt=\"\" width=\"861\" height=\"364\" srcset=\"https:\/\/bsg-projekt.net\/cms\/wp-content\/uploads\/2017\/12\/Bildschirmfoto-2017-12-12-um-14.52.27.png 861w, https:\/\/bsg-projekt.net\/cms\/wp-content\/uploads\/2017\/12\/Bildschirmfoto-2017-12-12-um-14.52.27-300x127.png 300w, https:\/\/bsg-projekt.net\/cms\/wp-content\/uploads\/2017\/12\/Bildschirmfoto-2017-12-12-um-14.52.27-768x325.png 768w, https:\/\/bsg-projekt.net\/cms\/wp-content\/uploads\/2017\/12\/Bildschirmfoto-2017-12-12-um-14.52.27-705x298.png 705w, https:\/\/bsg-projekt.net\/cms\/wp-content\/uploads\/2017\/12\/Bildschirmfoto-2017-12-12-um-14.52.27-450x190.png 450w\" sizes=\"auto, (max-width: 861px) 100vw, 861px\" \/><\/p>\n<\/div><\/section><\/p><\/div>\n<style type=\"text\/css\" data-created_by=\"avia_inline_auto\" id=\"style-css-av-av_one_full-861e61f6c012e3b92d6114e965076e60\">\n.flex_column.av-av_one_full-861e61f6c012e3b92d6114e965076e60{\nborder-width:1px;\nborder-color:#e1e1e1;\nborder-style:solid;\nborder-radius:0px 0px 0px 0px;\npadding:20px 20px 20px 20px;\nbackground-color:#fcfcfc;\n}\n<\/style>\n<div  class='flex_column av-av_one_full-861e61f6c012e3b92d6114e965076e60 av_one_full  avia-builder-el-12  el_after_av_one_full  el_before_av_hr  first flex_column_div av-animated-generic bottom-to-top  column-top-margin'     ><section  class='av_textblock_section av-av_textblock-0366cc7376be6c9e82a3e9cc8987b64f '   itemscope=\"itemscope\" itemtype=\"https:\/\/schema.org\/CreativeWork\" ><div class='avia_textblock'  itemprop=\"text\" ><p style=\"text-align: justify;\">Traditionelle Strahlpartikel kontaminieren (verschmutzen) w\u00e4hrend der Reinigung durch den Kontakt mit zu entfernenden gef\u00e4hrlichen Substanzen und\/oder bestrahlten Materialien. Diese entfernten Strahlpartikel werden dann als Sonderm\u00fcll (Giftm\u00fcll) klassifiziert und ben\u00f6tigen eine entsprechende sichere Abfallbeseitigung.<\/p>\n<\/div><\/section><\/div><\/p>\n\n<style type=\"text\/css\" data-created_by=\"avia_inline_auto\" id=\"style-css-av-av_hr-3264b1c70985ca3d4fa351773b95f23d\">\n#top .hr.av-av_hr-3264b1c70985ca3d4fa351773b95f23d{\nmargin-top:10px;\nmargin-bottom:10px;\n}\n.hr.av-av_hr-3264b1c70985ca3d4fa351773b95f23d .hr-inner{\nwidth:50px;\nborder-color:#ffffff;\n}\n<\/style>\n<div  class='hr av-av_hr-3264b1c70985ca3d4fa351773b95f23d hr-custom  avia-builder-el-14  el_after_av_one_full  el_before_av_video  hr-left hr-icon-no'><span class='hr-inner inner-border-av-border-fat'><span class=\"hr-inner-style\"><\/span><\/span><\/div>\n<div  class='avia-video av-av_video-238f85a6e6222209d49a40c21d4ea41f avia-video-16-9 av-no-preview-image avia-video-load-always avia-video-html5'  itemprop=\"video\" itemtype=\"https:\/\/schema.org\/VideoObject\"  data-original_url='http:\/\/bsg-projekt.net\/cms\/wp-content\/uploads\/2017\/12\/Schadensanierung.mp4'><video class='avia_video'    preload=\"auto\"  controls id='player_513_1144688051_1873977745'><source src='http:\/\/bsg-projekt.net\/cms\/wp-content\/uploads\/2017\/12\/Schadensanierung.mp4' type='video\/mp4' \/><\/video><\/div>\n","protected":false},"excerpt":{"rendered":"","protected":false},"author":1,"featured_media":0,"parent":551,"menu_order":3,"comment_status":"closed","ping_status":"closed","template":"","meta":{"footnotes":""},"class_list":["post-513","page","type-page","status-publish","hentry"],"_links":{"self":[{"href":"https:\/\/bsg-projekt.net\/cms\/wp-json\/wp\/v2\/pages\/513","targetHints":{"allow":["GET"]}}],"collection":[{"href":"https:\/\/bsg-projekt.net\/cms\/wp-json\/wp\/v2\/pages"}],"about":[{"href":"https:\/\/bsg-projekt.net\/cms\/wp-json\/wp\/v2\/types\/page"}],"author":[{"embeddable":true,"href":"https:\/\/bsg-projekt.net\/cms\/wp-json\/wp\/v2\/users\/1"}],"replies":[{"embeddable":true,"href":"https:\/\/bsg-projekt.net\/cms\/wp-json\/wp\/v2\/comments?post=513"}],"version-history":[{"count":10,"href":"https:\/\/bsg-projekt.net\/cms\/wp-json\/wp\/v2\/pages\/513\/revisions"}],"predecessor-version":[{"id":612,"href":"https:\/\/bsg-projekt.net\/cms\/wp-json\/wp\/v2\/pages\/513\/revisions\/612"}],"up":[{"embeddable":true,"href":"https:\/\/bsg-projekt.net\/cms\/wp-json\/wp\/v2\/pages\/551"}],"wp:attachment":[{"href":"https:\/\/bsg-projekt.net\/cms\/wp-json\/wp\/v2\/media?parent=513"}],"curies":[{"name":"wp","href":"https:\/\/api.w.org\/{rel}","templated":true}]}}