{"id":576,"date":"2017-12-12T17:53:17","date_gmt":"2017-12-12T16:53:17","guid":{"rendered":"http:\/\/bsg-projekt.net\/cms\/?page_id=576"},"modified":"2018-02-02T08:19:05","modified_gmt":"2018-02-02T07:19:05","slug":"holzindustrie","status":"publish","type":"page","link":"https:\/\/bsg-projekt.net\/cms\/sdi-select-60\/holzindustrie\/","title":{"rendered":"Holzindustrie"},"content":{"rendered":"<div  class='avia-slideshow av-av_slideshow-936364ada8efa36ac073b65c09b16e00 avia-slideshow-entry_with_sidebar av_slideshow avia-fade-slider  avia-builder-el-0  el_before_av_one_half  avia-builder-el-first  av-slideshow-ui av-control-hidden av-no-slider-navigation av-hide-nav-arrows av-slideshow-autoplay av-loop-endless av-loop-manual-endless av-default-height-applied avia-slideshow-1' data-slideshow-options=\"{&quot;animation&quot;:&quot;fade&quot;,&quot;autoplay&quot;:true,&quot;loop_autoplay&quot;:&quot;endless&quot;,&quot;interval&quot;:5,&quot;loop_manual&quot;:&quot;manual-endless&quot;,&quot;autoplay_stopper&quot;:false,&quot;noNavigation&quot;:true,&quot;bg_slider&quot;:false,&quot;keep_padding&quot;:false,&quot;hoverpause&quot;:false,&quot;show_slide_delay&quot;:0}\"  itemprop=\"image\" itemscope=\"itemscope\" itemtype=\"https:\/\/schema.org\/ImageObject\" ><ul class='avia-slideshow-inner ' style='padding-bottom: 53.3222591362%;'><li  class='avia-slideshow-slide av-av_slideshow-936364ada8efa36ac073b65c09b16e00__0  slide-1 slide-odd'><div data-rel='slideshow-1' class='avia-slide-wrap '   ><div class='av-slideshow-caption av-av_slideshow-936364ada8efa36ac073b65c09b16e00__0 avia-caption'><div class=\"avia-inner-caption\"><h2 class='avia-caption-title '  itemprop=\"name\" >Industrie \u00dcberblick<\/h2><\/div><\/div><img fetchpriority=\"high\" class=\"wp-image-577 avia-img-lazy-loading-not-577\"  src='https:\/\/bsg-projekt.net\/cms\/wp-content\/uploads\/2017\/12\/Industrie-Technische-Holzindustrie-602x321.jpg' width='602' height='321' title='Industrie-Technische-Holzindustrie' alt=''  itemprop=\"thumbnailUrl\"   \/><\/div><\/li><li  class='avia-slideshow-slide av-av_slideshow-936364ada8efa36ac073b65c09b16e00__1  slide-2 slide-even'><div data-rel='slideshow-1' class='avia-slide-wrap '   ><div class='av-slideshow-caption av-av_slideshow-936364ada8efa36ac073b65c09b16e00__1 avia-caption'><div class=\"avia-inner-caption\"><h2 class='avia-caption-title '  itemprop=\"name\" >Industrie \u00dcberblick<\/h2><\/div><\/div><img fetchpriority=\"high\" class=\"wp-image-578 avia-img-lazy-loading-not-578\"  src='https:\/\/bsg-projekt.net\/cms\/wp-content\/uploads\/2017\/12\/Industrie-Technische-Holzindustrie-1-602x321.jpg' width='602' height='321' title='Industrie-Technische-Holzindustrie' alt=''  itemprop=\"thumbnailUrl\"   \/><\/div><\/li><li  class='avia-slideshow-slide av-av_slideshow-936364ada8efa36ac073b65c09b16e00__2  slide-3 slide-odd'><div data-rel='slideshow-1' class='avia-slide-wrap '   ><div class='av-slideshow-caption av-av_slideshow-936364ada8efa36ac073b65c09b16e00__2 avia-caption'><div class=\"avia-inner-caption\"><h2 class='avia-caption-title '  itemprop=\"name\" >Industrie \u00dcberblick<\/h2><\/div><\/div><img fetchpriority=\"high\" class=\"wp-image-580 avia-img-lazy-loading-not-580\"  src='https:\/\/bsg-projekt.net\/cms\/wp-content\/uploads\/2017\/12\/Industrie-Technische-Holzindustrie-3-602x321.jpg' width='602' height='321' title='Industrie-Technische-Holzindustrie' alt=''  itemprop=\"thumbnailUrl\"   \/><\/div><\/li><\/ul><div class='avia-slideshow-arrows avia-slideshow-controls' ><a href='#prev' class='prev-slide ' aria-hidden='true' data-av_icon='\ue87c' data-av_iconfont='entypo-fontello'  tabindex='-1'>Zur\u00fcck<\/a><a href='#next' class='next-slide ' aria-hidden='true' data-av_icon='\ue87d' data-av_iconfont='entypo-fontello'  tabindex='-1'>Weiter<\/a><\/div><\/div>\n\n<style type=\"text\/css\" data-created_by=\"avia_inline_auto\" id=\"style-css-av-av_one_half-d71a51a707c4656b37c9afbbd6138215\">\n.flex_column.av-av_one_half-d71a51a707c4656b37c9afbbd6138215{\nborder-radius:0px 0px 0px 0px;\npadding:0px 0px 0px 0px;\n}\n<\/style>\n<div  class='flex_column av-av_one_half-d71a51a707c4656b37c9afbbd6138215 av_one_half  avia-builder-el-1  el_after_av_slideshow  el_before_av_one_half  first flex_column_div av-animated-generic bottom-to-top av-zero-column-padding  '     ><style type=\"text\/css\" data-created_by=\"avia_inline_auto\" id=\"style-css-av-av_heading-26899877538592f152df78f9131fe378\">\n#top .av-special-heading.av-av_heading-26899877538592f152df78f9131fe378{\npadding-bottom:0;\n}\nbody .av-special-heading.av-av_heading-26899877538592f152df78f9131fe378 .av-special-heading-tag .heading-char{\nfont-size:25px;\n}\n.av-special-heading.av-av_heading-26899877538592f152df78f9131fe378 .av-subheading{\nfont-size:15px;\n}\n<\/style>\n<div  class='av-special-heading av-av_heading-26899877538592f152df78f9131fe378 av-special-heading-h2 blockquote modern-quote  avia-builder-el-2  avia-builder-el-no-sibling '><h2 class='av-special-heading-tag '  itemprop=\"headline\"  >Technische Holzindustrie<\/h2><div class='av-subheading av-subheading_below'><p>Erh\u00f6hte Sicherheit und Effektivit\u00e4t = Mehr Profit<\/p>\n<\/div><div class=\"special-heading-border\"><div class=\"special-heading-inner-border\"><\/div><\/div><\/div><\/div>\n\n<style type=\"text\/css\" data-created_by=\"avia_inline_auto\" id=\"style-css-av-av_one_half-93bea18e2ccb60552a17080633244dec\">\n.flex_column.av-av_one_half-93bea18e2ccb60552a17080633244dec{\nborder-radius:0px 0px 0px 0px;\npadding:0px 0px 0px 0px;\n}\n<\/style>\n<div  class='flex_column av-av_one_half-93bea18e2ccb60552a17080633244dec av_one_half  avia-builder-el-3  el_after_av_one_half  el_before_av_one_full  flex_column_div av-animated-generic bottom-to-top av-zero-column-padding  '     ><style type=\"text\/css\" data-created_by=\"avia_inline_auto\" id=\"style-css-av-av_image-9756aa2ccf0bdd4e404350aec8843422\">\n.avia-image-container.av-av_image-9756aa2ccf0bdd4e404350aec8843422 img.avia_image{\nbox-shadow:none;\n}\n.avia-image-container.av-av_image-9756aa2ccf0bdd4e404350aec8843422 .av-image-caption-overlay-center{\ncolor:#ffffff;\n}\n<\/style>\n<div  class='avia-image-container av-av_image-9756aa2ccf0bdd4e404350aec8843422 av-styling- avia-align-center  avia-builder-el-4  avia-builder-el-no-sibling '   itemprop=\"image\" itemscope=\"itemscope\" itemtype=\"https:\/\/schema.org\/ImageObject\" ><div class=\"avia-image-container-inner\"><div class=\"avia-image-overlay-wrap\"><img fetchpriority=\"high\" class='wp-image-536 avia-img-lazy-loading-not-536 avia_image ' src='https:\/\/bsg-projekt.net\/cms\/wp-content\/uploads\/2017\/12\/Unbenannt-1.jpg' alt='' title='Unbenannt-1'  height=\"169\" width=\"705\"  itemprop=\"thumbnailUrl\"  \/><\/div><\/div><\/div><\/div>\n\n<style type=\"text\/css\" data-created_by=\"avia_inline_auto\" id=\"style-css-av-av_one_full-d71a51a707c4656b37c9afbbd6138215\">\n.flex_column.av-av_one_full-d71a51a707c4656b37c9afbbd6138215{\nborder-radius:0px 0px 0px 0px;\npadding:0px 0px 0px 0px;\n}\n<\/style>\n<div  class='flex_column av-av_one_full-d71a51a707c4656b37c9afbbd6138215 av_one_full  avia-builder-el-5  el_after_av_one_half  el_before_av_one_full  first flex_column_div av-animated-generic bottom-to-top av-zero-column-padding  column-top-margin'     ><style type=\"text\/css\" data-created_by=\"avia_inline_auto\" id=\"style-css-av-av_textblock-8e5bdedebac81bcd937ed355ccd26d60\">\n#top .av_textblock_section.av-av_textblock-8e5bdedebac81bcd937ed355ccd26d60 .avia_textblock{\ncolor:#000000;\n}\n<\/style>\n<section  class='av_textblock_section av-av_textblock-8e5bdedebac81bcd937ed355ccd26d60 '   itemscope=\"itemscope\" itemtype=\"https:\/\/schema.org\/CreativeWork\" ><div class='avia_textblock av_inherit_color'  itemprop=\"text\" ><p><span style=\"font-size: 20px; color: #ff0000;\"><strong>Eine schnellere, saubere Reinigung.<\/strong><\/span><\/p>\n<p style=\"text-align: justify;\">Bei den meisten gegenw\u00e4rtigen Reinigungsprozessen werden Winkelschleifer verwendet welche zeitraubend, unhandlich und gef\u00e4hrlich sein k\u00f6nnen. Die Arbeiter m\u00fcssen in den Maschinen arbeiten in n\u00e4chster N\u00e4he von hei\u00dfen R\u00fcckst\u00e4nden und Staub. Zus\u00e4tzlich ist diese manuelle Reinigungsmethode meist uneffektiv da man viele Bereiche in der Maschine nicht erreichen kann und somit nicht alles reinigt. Cold Jet\u2019s Trockeneisstrahlsysteme bieten eine schnelle, sichere und umweltfreundliche Alternative zu den traditionellen Reinigungsmethoden und erreichen dabei jede gew\u00fcnschte Stelle.<\/p>\n<p><span style=\"color: #ff0000; font-size: 20px;\"><strong>Entdecken Sie Cold Jet.<\/strong><\/span><\/p>\n<p style=\"text-align: justify;\">Kontaktieren Sie noch heute einen Industrieexperten von Cold Jet um \u00fcber Ihre Anwendung zu sprechen und die beste Reinigungsl\u00f6sung f\u00fcr Sie zu finden. Erfahren Sie mehr und besuchen Sie uns auf unserer Internetseite unter www.coldjet.com<\/p>\n<\/div><\/section><\/div>\n\n<style type=\"text\/css\" data-created_by=\"avia_inline_auto\" id=\"style-css-av-av_one_full-d71a51a707c4656b37c9afbbd6138215\">\n.flex_column.av-av_one_full-d71a51a707c4656b37c9afbbd6138215{\nborder-radius:0px 0px 0px 0px;\npadding:0px 0px 0px 0px;\n}\n<\/style>\n<div  class='flex_column av-av_one_full-d71a51a707c4656b37c9afbbd6138215 av_one_full  avia-builder-el-7  el_after_av_one_full  el_before_av_one_full  first flex_column_div av-animated-generic bottom-to-top av-zero-column-padding  column-top-margin'     ><div  class='togglecontainer av-av_toggle_container-58d3b55d78679e2c4a6f7b2e625e97f8  avia-builder-el-8  avia-builder-el-no-sibling  toggle_close_all' >\n<section class='av_toggle_section av-av_toggle-ef3158b5736c36562e30fcbbac4826a3'  itemscope=\"itemscope\" itemtype=\"https:\/\/schema.org\/CreativeWork\" ><div role=\"tablist\" class=\"single_toggle\" data-tags=\"{Alle} \"  ><p id='toggle-toggle-id-1' data-fake-id='#toggle-id-1' class='toggler  activeTitle av-title-above '  itemprop=\"headline\"  role='tab' tabindex='0' aria-controls='toggle-id-1' data-slide-speed=\"200\" data-title=\"ANWENDUNGEN\" data-title-open=\"\" data-aria_collapsed=\"Click to expand: ANWENDUNGEN\" data-aria_expanded=\"Click to collapse: ANWENDUNGEN\">ANWENDUNGEN<span class=\"toggle_icon\"><span class=\"vert_icon\"><\/span><span class=\"hor_icon\"><\/span><\/span><\/p><div id='toggle-id-1' aria-labelledby='toggle-toggle-id-1' role='region' class='toggle_wrap  active_tc av-title-above' style='display:block;' ><div class='toggle_content invers-color '  itemprop=\"text\" ><p><span style=\"color: #000000;\">\u2022 Form-\/Pre\u00dfstra\u00dfen<\/span><br \/>\n<span style=\"color: #000000;\"> \u2022 Schleifsysteme<\/span><br \/>\n<span style=\"color: #000000;\"> \u2022 Feuchte Anlagen<\/span><br \/>\n<span style=\"color: #000000;\"> \u2022 Trockner-\/Heizanlagen<\/span><br \/>\n<span style=\"color: #000000;\"> \u2022 Sch\u00e4lanlage\/Fr\u00e4sen<\/span><br \/>\n<span style=\"color: #000000;\"> \u2022 Beleimungswalzen\/-pressen<\/span><br \/>\n<span style=\"color: #000000;\"> \u2022 Ventilatoren\/Warmluft\u00f6fen<\/span><br \/>\n<span style=\"color: #000000;\"> \u2022 Hobel-\/Kantenmaschinen<\/span><br \/>\n<span style=\"color: #000000;\"> \u2022 Filter-\/Absauganlagen<\/span><\/p>\n<\/div><\/div><\/div><\/section>\n<section class='av_toggle_section av-av_toggle-292e00c1c544a8c5ddfe94c69b9c69a2'  itemscope=\"itemscope\" itemtype=\"https:\/\/schema.org\/CreativeWork\" ><div role=\"tablist\" class=\"single_toggle\" data-tags=\"{Alle} \"  ><p id='toggle-toggle-id-2' data-fake-id='#toggle-id-2' class='toggler  av-title-above '  itemprop=\"headline\"  role='tab' tabindex='0' aria-controls='toggle-id-2' data-slide-speed=\"200\" data-title=\"VORTEILE\" data-title-open=\"\" data-aria_collapsed=\"Click to expand: VORTEILE\" data-aria_expanded=\"Click to collapse: VORTEILE\">VORTEILE<span class=\"toggle_icon\"><span class=\"vert_icon\"><\/span><span class=\"hor_icon\"><\/span><\/span><\/p><div id='toggle-id-2' aria-labelledby='toggle-toggle-id-2' role='region' class='toggle_wrap  av-title-above'  ><div class='toggle_content invers-color '  itemprop=\"text\" ><p><span style=\"color: #000000;\">\u2022 Reduziert Brandgefahr<\/span><br \/>\n<span style=\"color: #000000;\"> \u2022 Reduziert Arbeitskosten<\/span><br \/>\n<span style=\"color: #000000;\"> \u2022 Reduziert Ausfallzeit<\/span><br \/>\n<span style=\"color: #000000;\"> \u2022 Nicht abrasiv<\/span><br \/>\n<span style=\"color: #000000;\"> \u2022 Erh\u00f6ht die Arbeitersicherheit<\/span><br \/>\n<span style=\"color: #000000;\"> \u2022 Kein Sekund\u00e4rabfall<\/span><br \/>\n<span style=\"color: #000000;\"> \u2022 Onlinereinigung, kein abk\u00fchlen oder ausbauen notwendig<\/span><\/p>\n<\/div><\/div><\/div><\/section>\n<section class='av_toggle_section av-av_toggle-295d9b6a03eb5686453864b30756c4c4'  itemscope=\"itemscope\" itemtype=\"https:\/\/schema.org\/CreativeWork\" ><div role=\"tablist\" class=\"single_toggle\" data-tags=\"{Alle} \"  ><p id='toggle-toggle-id-3' data-fake-id='#toggle-id-3' class='toggler  av-title-above '  itemprop=\"headline\"  role='tab' tabindex='0' aria-controls='toggle-id-3' data-slide-speed=\"200\" data-title=\"REFERENZEN\" data-title-open=\"\" data-aria_collapsed=\"Click to expand: REFERENZEN\" data-aria_expanded=\"Click to collapse: REFERENZEN\">REFERENZEN<span class=\"toggle_icon\"><span class=\"vert_icon\"><\/span><span class=\"hor_icon\"><\/span><\/span><\/p><div id='toggle-id-3' aria-labelledby='toggle-toggle-id-3' role='region' class='toggle_wrap  av-title-above'  ><div class='toggle_content invers-color '  itemprop=\"text\" ><p><span style=\"color: #000000;\">Schlie\u00dfen Sie sich den industrief\u00fchrenden Firmen an, die bereits von Cold Jet Trockeneisstrahlsystemen profitieren.<\/span><\/p>\n<p><img loading=\"lazy\" decoding=\"async\" class=\"alignnone size-full wp-image-581\" src=\"http:\/\/bsg-projekt.net\/cms\/wp-content\/uploads\/2017\/12\/Bildschirmfoto-2017-12-12-um-17.52.12.png\" alt=\"\" width=\"257\" height=\"249\" srcset=\"https:\/\/bsg-projekt.net\/cms\/wp-content\/uploads\/2017\/12\/Bildschirmfoto-2017-12-12-um-17.52.12.png 257w, https:\/\/bsg-projekt.net\/cms\/wp-content\/uploads\/2017\/12\/Bildschirmfoto-2017-12-12-um-17.52.12-36x36.png 36w\" sizes=\"auto, (max-width: 257px) 100vw, 257px\" \/><\/p>\n<\/div><\/div><\/div><\/section>\n<\/div><\/div>\n\n<style type=\"text\/css\" data-created_by=\"avia_inline_auto\" id=\"style-css-av-av_one_full-d71a51a707c4656b37c9afbbd6138215\">\n.flex_column.av-av_one_full-d71a51a707c4656b37c9afbbd6138215{\nborder-radius:0px 0px 0px 0px;\npadding:0px 0px 0px 0px;\n}\n<\/style>\n<div  class='flex_column av-av_one_full-d71a51a707c4656b37c9afbbd6138215 av_one_full  avia-builder-el-9  el_after_av_one_full  el_before_av_one_full  first flex_column_div av-animated-generic bottom-to-top av-zero-column-padding  column-top-margin'     ><p>\n<style type=\"text\/css\" data-created_by=\"avia_inline_auto\" id=\"style-css-av-av_heading-fd3220d6a4690ed8e6a455dc34a3624a\">\n#top .av-special-heading.av-av_heading-fd3220d6a4690ed8e6a455dc34a3624a{\npadding-bottom:0;\ncolor:#ea3838;\n}\nbody .av-special-heading.av-av_heading-fd3220d6a4690ed8e6a455dc34a3624a .av-special-heading-tag .heading-char{\nfont-size:25px;\n}\n.av-special-heading.av-av_heading-fd3220d6a4690ed8e6a455dc34a3624a .special-heading-inner-border{\nborder-color:#ea3838;\n}\n.av-special-heading.av-av_heading-fd3220d6a4690ed8e6a455dc34a3624a .av-subheading{\nfont-size:15px;\n}\n<\/style>\n<div  class='av-special-heading av-av_heading-fd3220d6a4690ed8e6a455dc34a3624a av-special-heading-h2 custom-color-heading blockquote modern-quote  avia-builder-el-10  el_before_av_textblock  avia-builder-el-first '><h2 class='av-special-heading-tag '  itemprop=\"headline\"  >Cold Jet vs. traditionelle Reinigungsmethoden<\/h2><div class=\"special-heading-border\"><div class=\"special-heading-inner-border\"><\/div><\/div><\/div><br \/>\n<section  class='av_textblock_section av-av_textblock-0366cc7376be6c9e82a3e9cc8987b64f '   itemscope=\"itemscope\" itemtype=\"https:\/\/schema.org\/CreativeWork\" ><div class='avia_textblock'  itemprop=\"text\" ><p><img loading=\"lazy\" decoding=\"async\" class=\"alignnone size-full wp-image-519\" src=\"http:\/\/bsg-projekt.net\/cms\/wp-content\/uploads\/2017\/12\/Bildschirmfoto-2017-12-12-um-14.52.27.png\" alt=\"\" width=\"861\" height=\"364\" srcset=\"https:\/\/bsg-projekt.net\/cms\/wp-content\/uploads\/2017\/12\/Bildschirmfoto-2017-12-12-um-14.52.27.png 861w, https:\/\/bsg-projekt.net\/cms\/wp-content\/uploads\/2017\/12\/Bildschirmfoto-2017-12-12-um-14.52.27-300x127.png 300w, https:\/\/bsg-projekt.net\/cms\/wp-content\/uploads\/2017\/12\/Bildschirmfoto-2017-12-12-um-14.52.27-768x325.png 768w, https:\/\/bsg-projekt.net\/cms\/wp-content\/uploads\/2017\/12\/Bildschirmfoto-2017-12-12-um-14.52.27-705x298.png 705w, https:\/\/bsg-projekt.net\/cms\/wp-content\/uploads\/2017\/12\/Bildschirmfoto-2017-12-12-um-14.52.27-450x190.png 450w\" sizes=\"auto, (max-width: 861px) 100vw, 861px\" \/><\/p>\n<\/div><\/section><\/p><\/div>\n\n<style type=\"text\/css\" data-created_by=\"avia_inline_auto\" id=\"style-css-av-av_one_full-861e61f6c012e3b92d6114e965076e60\">\n.flex_column.av-av_one_full-861e61f6c012e3b92d6114e965076e60{\nborder-width:1px;\nborder-color:#e1e1e1;\nborder-style:solid;\nborder-radius:0px 0px 0px 0px;\npadding:20px 20px 20px 20px;\nbackground-color:#fcfcfc;\n}\n<\/style>\n<div  class='flex_column av-av_one_full-861e61f6c012e3b92d6114e965076e60 av_one_full  avia-builder-el-12  el_after_av_one_full  avia-builder-el-last  first flex_column_div av-animated-generic bottom-to-top  column-top-margin'     ><section  class='av_textblock_section av-av_textblock-0366cc7376be6c9e82a3e9cc8987b64f '   itemscope=\"itemscope\" itemtype=\"https:\/\/schema.org\/CreativeWork\" ><div class='avia_textblock'  itemprop=\"text\" ><p style=\"text-align: justify;\">Traditionelle Strahlpartikel kontaminieren (verschmutzen) w\u00e4hrend der Reinigung durch den Kontakt mit zu entfernenden gef\u00e4hrlichen Substanzen und\/oder bestrahlten Materialien. Diese entfernten Strahlpartikel werden dann als Sonderm\u00fcll (Giftm\u00fcll) klassifiziert und ben\u00f6tigen eine entsprechende sichere Abfallbeseitigung.<\/p>\n<\/div><\/section><\/div>\n","protected":false},"excerpt":{"rendered":"","protected":false},"author":1,"featured_media":0,"parent":551,"menu_order":4,"comment_status":"closed","ping_status":"closed","template":"","meta":{"footnotes":""},"class_list":["post-576","page","type-page","status-publish","hentry"],"_links":{"self":[{"href":"https:\/\/bsg-projekt.net\/cms\/wp-json\/wp\/v2\/pages\/576","targetHints":{"allow":["GET"]}}],"collection":[{"href":"https:\/\/bsg-projekt.net\/cms\/wp-json\/wp\/v2\/pages"}],"about":[{"href":"https:\/\/bsg-projekt.net\/cms\/wp-json\/wp\/v2\/types\/page"}],"author":[{"embeddable":true,"href":"https:\/\/bsg-projekt.net\/cms\/wp-json\/wp\/v2\/users\/1"}],"replies":[{"embeddable":true,"href":"https:\/\/bsg-projekt.net\/cms\/wp-json\/wp\/v2\/comments?post=576"}],"version-history":[{"count":5,"href":"https:\/\/bsg-projekt.net\/cms\/wp-json\/wp\/v2\/pages\/576\/revisions"}],"predecessor-version":[{"id":935,"href":"https:\/\/bsg-projekt.net\/cms\/wp-json\/wp\/v2\/pages\/576\/revisions\/935"}],"up":[{"embeddable":true,"href":"https:\/\/bsg-projekt.net\/cms\/wp-json\/wp\/v2\/pages\/551"}],"wp:attachment":[{"href":"https:\/\/bsg-projekt.net\/cms\/wp-json\/wp\/v2\/media?parent=576"}],"curies":[{"name":"wp","href":"https:\/\/api.w.org\/{rel}","templated":true}]}}