{"id":950,"date":"2018-02-02T07:10:32","date_gmt":"2018-02-02T06:10:32","guid":{"rendered":"http:\/\/bsg-projekt.net\/cms\/?page_id=950"},"modified":"2018-02-02T14:49:35","modified_gmt":"2018-02-02T13:49:35","slug":"weitere-leistungen","status":"publish","type":"page","link":"https:\/\/bsg-projekt.net\/cms\/leistungen\/weitere-leistungen\/","title":{"rendered":"Weitere Leistungen"},"content":{"rendered":"<div  class='avia-slideshow av-av_slideshow-8fced049ccd559e945bdbf8d97b891d0 avia-slideshow-featured_large av_slideshow avia-fade-slider  avia-builder-el-0  el_before_av_one_full  avia-builder-el-first  av-slideshow-ui av-control-hidden av-no-slider-navigation av-hide-nav-arrows av-slideshow-autoplay av-loop-endless av-loop-manual-endless av-default-height-applied avia-slideshow-1' data-slideshow-options=\"{&quot;animation&quot;:&quot;fade&quot;,&quot;autoplay&quot;:true,&quot;loop_autoplay&quot;:&quot;endless&quot;,&quot;interval&quot;:5,&quot;loop_manual&quot;:&quot;manual-endless&quot;,&quot;autoplay_stopper&quot;:false,&quot;noNavigation&quot;:true,&quot;bg_slider&quot;:false,&quot;keep_padding&quot;:false,&quot;hoverpause&quot;:false,&quot;show_slide_delay&quot;:0}\"  itemprop=\"image\" itemscope=\"itemscope\" itemtype=\"https:\/\/schema.org\/ImageObject\" ><ul class='avia-slideshow-inner ' style='padding-bottom: 42%;'><li  class='avia-slideshow-slide av-av_slideshow-8fced049ccd559e945bdbf8d97b891d0__0  slide-1 slide-odd'><div data-rel='slideshow-1' class='avia-slide-wrap '   ><img fetchpriority=\"high\" class=\"wp-image-490 avia-img-lazy-loading-not-490\"  src='https:\/\/bsg-projekt.net\/cms\/wp-content\/uploads\/2017\/12\/IMG_0209-1500x630.jpg' width='1500' height='630' title='IMG_0209' alt=''  itemprop=\"thumbnailUrl\"   \/><\/div><\/li><li  class='avia-slideshow-slide av-av_slideshow-8fced049ccd559e945bdbf8d97b891d0__1  slide-2 slide-even'><div data-rel='slideshow-1' class='avia-slide-wrap '   ><img fetchpriority=\"high\" class=\"wp-image-485 avia-img-lazy-loading-not-485\"  src='https:\/\/bsg-projekt.net\/cms\/wp-content\/uploads\/2017\/12\/IMG_0141-1500x630.jpg' width='1500' height='630' title='IMG_0141' alt=''  itemprop=\"thumbnailUrl\"   \/><\/div><\/li><li  class='avia-slideshow-slide av-av_slideshow-8fced049ccd559e945bdbf8d97b891d0__2  slide-3 slide-odd'><div data-rel='slideshow-1' class='avia-slide-wrap '   ><img fetchpriority=\"high\" class=\"wp-image-486 avia-img-lazy-loading-not-486\"  src='https:\/\/bsg-projekt.net\/cms\/wp-content\/uploads\/2017\/12\/IMG_0163-1500x630.jpg' width='1500' height='630' title='IMG_0163' alt=''  itemprop=\"thumbnailUrl\"   \/><\/div><\/li><li  class='avia-slideshow-slide av-av_slideshow-8fced049ccd559e945bdbf8d97b891d0__3  slide-4 slide-even'><div data-rel='slideshow-1' class='avia-slide-wrap '   ><img fetchpriority=\"high\" class=\"wp-image-487 avia-img-lazy-loading-not-487\"  src='https:\/\/bsg-projekt.net\/cms\/wp-content\/uploads\/2017\/12\/IMG_0164-1500x630.jpg' width='1500' height='630' title='IMG_0164' alt=''  itemprop=\"thumbnailUrl\"   \/><\/div><\/li><li  class='avia-slideshow-slide av-av_slideshow-8fced049ccd559e945bdbf8d97b891d0__4  slide-5 slide-odd'><div data-rel='slideshow-1' class='avia-slide-wrap '   ><img fetchpriority=\"high\" class=\"wp-image-488 avia-img-lazy-loading-not-488\"  src='https:\/\/bsg-projekt.net\/cms\/wp-content\/uploads\/2017\/12\/IMG_0165-1500x630.jpg' width='1500' height='630' title='IMG_0165' alt=''  itemprop=\"thumbnailUrl\"   \/><\/div><\/li><li  class='avia-slideshow-slide av-av_slideshow-8fced049ccd559e945bdbf8d97b891d0__5  slide-6 slide-even'><div data-rel='slideshow-1' class='avia-slide-wrap '   ><img fetchpriority=\"high\" class=\"wp-image-489 avia-img-lazy-loading-not-489\"  src='https:\/\/bsg-projekt.net\/cms\/wp-content\/uploads\/2017\/12\/IMG_0184-1500x630.jpg' width='1500' height='630' title='IMG_0184' alt=''  itemprop=\"thumbnailUrl\"   \/><\/div><\/li><li  class='avia-slideshow-slide av-av_slideshow-8fced049ccd559e945bdbf8d97b891d0__6  slide-7 slide-odd'><div data-rel='slideshow-1' class='avia-slide-wrap '   ><img fetchpriority=\"high\" class=\"wp-image-491 avia-img-lazy-loading-not-491\"  src='https:\/\/bsg-projekt.net\/cms\/wp-content\/uploads\/2017\/12\/IMG_0556-1500x630.jpg' width='1500' height='630' title='IMG_0556' alt=''  itemprop=\"thumbnailUrl\"   \/><\/div><\/li><li  class='avia-slideshow-slide av-av_slideshow-8fced049ccd559e945bdbf8d97b891d0__7  slide-8 slide-even'><div data-rel='slideshow-1' class='avia-slide-wrap '   ><img fetchpriority=\"high\" class=\"wp-image-492 avia-img-lazy-loading-not-492\"  src='https:\/\/bsg-projekt.net\/cms\/wp-content\/uploads\/2017\/12\/IMG_0560-1500x630.jpg' width='1500' height='630' title='IMG_0560' alt=''  itemprop=\"thumbnailUrl\"   \/><\/div><\/li><\/ul><div class='avia-slideshow-arrows avia-slideshow-controls' ><a href='#prev' class='prev-slide ' aria-hidden='true' data-av_icon='\ue87c' data-av_iconfont='entypo-fontello'  tabindex='-1'>Zur\u00fcck<\/a><a href='#next' class='next-slide ' aria-hidden='true' data-av_icon='\ue87d' data-av_iconfont='entypo-fontello'  tabindex='-1'>Weiter<\/a><\/div><\/div>\n\n<style type=\"text\/css\" data-created_by=\"avia_inline_auto\" id=\"style-css-av-av_one_full-49e29109d35428f282e8078954bb78df\">\n#top .flex_column.av-av_one_full-49e29109d35428f282e8078954bb78df{\nmargin-top:0px;\nmargin-bottom:0px;\n}\n.flex_column.av-av_one_full-49e29109d35428f282e8078954bb78df{\nborder-radius:0px 0px 0px 0px;\npadding:0px 0px 0px 0px;\n}\n.responsive #top #wrap_all .flex_column.av-av_one_full-49e29109d35428f282e8078954bb78df{\nmargin-top:0px;\nmargin-bottom:0px;\n}\n<\/style>\n<div  class='flex_column av-av_one_full-49e29109d35428f282e8078954bb78df av_one_full  avia-builder-el-1  el_after_av_slideshow  el_before_av_one_full  first flex_column_div av-animated-generic bottom-to-top av-zero-column-padding  '     ><style type=\"text\/css\" data-created_by=\"avia_inline_auto\" id=\"style-css-av-av_heading-5b881125d83bd7e7fe651b03d10b9097\">\n#top .av-special-heading.av-av_heading-5b881125d83bd7e7fe651b03d10b9097{\npadding-bottom:0;\ncolor:#ea3838;\n}\nbody .av-special-heading.av-av_heading-5b881125d83bd7e7fe651b03d10b9097 .av-special-heading-tag .heading-char{\nfont-size:25px;\n}\n.av-special-heading.av-av_heading-5b881125d83bd7e7fe651b03d10b9097 .special-heading-inner-border{\nborder-color:#ea3838;\n}\n.av-special-heading.av-av_heading-5b881125d83bd7e7fe651b03d10b9097 .av-subheading{\nfont-size:15px;\n}\n<\/style>\n<div  class='av-special-heading av-av_heading-5b881125d83bd7e7fe651b03d10b9097 av-special-heading-h2 custom-color-heading blockquote modern-quote  avia-builder-el-2  avia-builder-el-no-sibling '><h2 class='av-special-heading-tag '  itemprop=\"headline\"  >Weitere Leistungen<\/h2><div class=\"special-heading-border\"><div class=\"special-heading-inner-border\"><\/div><\/div><\/div><\/div>\n\n<style type=\"text\/css\" data-created_by=\"avia_inline_auto\" id=\"style-css-av-av_one_full-3ce399765ff86ce948c8a7b1ade55796\">\n#top .flex_column.av-av_one_full-3ce399765ff86ce948c8a7b1ade55796{\nmargin-top:0px;\nmargin-bottom:0px;\n}\n.flex_column.av-av_one_full-3ce399765ff86ce948c8a7b1ade55796{\nborder-radius:0px 0px 0px 0px;\npadding:0px 0px 0px 0px;\n}\n.responsive #top #wrap_all .flex_column.av-av_one_full-3ce399765ff86ce948c8a7b1ade55796{\nmargin-top:0px;\nmargin-bottom:0px;\n}\n<\/style>\n<div  class='flex_column av-av_one_full-3ce399765ff86ce948c8a7b1ade55796 av_one_full  avia-builder-el-3  el_after_av_one_full  el_before_av_one_full  first flex_column_div av-animated-generic bottom-to-top av-zero-column-padding  column-top-margin'     ><style type=\"text\/css\" data-created_by=\"avia_inline_auto\" id=\"style-css-av-av_textblock-8e5bdedebac81bcd937ed355ccd26d60\">\n#top .av_textblock_section.av-av_textblock-8e5bdedebac81bcd937ed355ccd26d60 .avia_textblock{\ncolor:#000000;\n}\n<\/style>\n<section  class='av_textblock_section av-av_textblock-8e5bdedebac81bcd937ed355ccd26d60 '   itemscope=\"itemscope\" itemtype=\"https:\/\/schema.org\/CreativeWork\" ><div class='avia_textblock av_inherit_color'  itemprop=\"text\" ><p style=\"text-align: justify;\">Zudem bieten wir weitere Sanierungsleistungen an, die wir mit unseren erfahrenen Mitarbeitern und spezialisierten Partnern Hand in Hand durchf\u00fchren. Wir sanieren Sturmsch\u00e4den, Vandalismus- und Einbruchssch\u00e4den, Inventar, Elektronik und Maschinen. Hierbei \u00fcbernehmen wir ebenfalls die gesamte Sanierung und bew\u00e4ltigen den Schaden f\u00fcr unsere Kunden!<\/p>\n<p><span style=\"font-size: 20px; color: #ff0000;\"><b>LEISTUNGEN <\/b><b>\u00a0Sturmschadensanierung<\/b><\/span><\/p>\n<p style=\"text-align: justify;\">Besondere Wettereignisse wie St\u00fcrme, Gewitter, Hagelschauer oder Hochwasser richten an Geb\u00e4uden immer wieder Sch\u00e4den an. Das Schadenausma\u00df ist individuell unterschiedlich, eine Reparatur oder Sanierung jedoch meistens notwendig. Infolge eines Schadens ist es wichtig, schnell zu reagieren und vor Ort umgehend Erstma\u00dfnahmen einzuleiten, um weitere Sch\u00e4den zu verhindern. Die wetterbedingten Sch\u00e4den k\u00f6nnen nahezu alle Bereiche eines Geb\u00e4udes betreffen, weshalb jeder Schadenfall einzigartig ist und spezifische Anforderungen stellt. Wir als BSG Projektierungs GmbH sanieren Sturmsch\u00e4den aus einer Hand!<\/p>\n<p><span style=\"color: #ff0000; font-size: 20px;\"><b>LEISTUNGEN <\/b><b>Vandalismus- und Einbruchssch\u00e4den<\/b><\/span><\/p>\n<p style=\"text-align: justify;\">Vandalenakte oder Einbr\u00fcche sind mit Besch\u00e4digungen und Verunreinigungen des Eigentums der Betroffenen verbunden. Neben den materiellen Verlusten und der psychischen Belastung ist die Wiederherstellung und Sanierung ein wichtiger Baustein, um den entstandenen Schaden zu beheben. Dazu beseitigen wir beispielsweise die Einbruchsspuren an T\u00fcren und Fenstern oder entfernen ungew\u00fcnschte Beschmutzungen von Hausw\u00e4nden und streichen diese neu. Wir als BSG Projektierungs GmbH sanieren Vandalismus- und Einbruchssch\u00e4den aus einer Hand!<\/p>\n<\/div><\/section><\/div>\n<style type=\"text\/css\" data-created_by=\"avia_inline_auto\" id=\"style-css-av-av_one_full-40e04e59702ace7aa4422b20c9839dbe\">\n.flex_column.av-av_one_full-40e04e59702ace7aa4422b20c9839dbe{\nborder-radius:0px 0px 0px 0px;\npadding:0px 0px 0px 0px;\n}\n<\/style>\n<div  class='flex_column av-av_one_full-40e04e59702ace7aa4422b20c9839dbe av_one_full  avia-builder-el-5  el_after_av_one_full  avia-builder-el-last  first flex_column_div av-zero-column-padding  column-top-margin'     ><style type=\"text\/css\" data-created_by=\"avia_inline_auto\" id=\"style-css-av-av_partner-142cae2e10514575043adc87728738cc\">\n.avia-logo-element-container.av-av_partner-142cae2e10514575043adc87728738cc .av-partner-fake-img{\nbackground-size:cover;\n}\n<\/style>\n<div  class='avia-logo-element-container av-av_partner-142cae2e10514575043adc87728738cc avia-logo-slider avia-content-slider avia-smallarrow-slider avia-content-slider-active noHover avia-content-slider-odd  avia-builder-el-6  avia-builder-el-no-sibling  av-slideshow-ui av-control-hidden av-nav-arrows-visible av-nav-dots-visible av-no-slider-navigation av-hide-nav-arrows av-slideshow-autoplay av-loop-endless av-loop-manual-endless avia-content-slider1' data-slideshow-options=\"{&quot;animation&quot;:&quot;slide&quot;,&quot;autoplay&quot;:true,&quot;loop_autoplay&quot;:&quot;endless&quot;,&quot;interval&quot;:5,&quot;loop_manual&quot;:&quot;manual-endless&quot;,&quot;autoplay_stopper&quot;:false,&quot;noNavigation&quot;:true,&quot;bg_slider&quot;:false,&quot;keep_padding&quot;:&quot;&quot;,&quot;hoverpause&quot;:false,&quot;show_slide_delay&quot;:0}\"><div class='avia-smallarrow-slider-heading  no-logo-slider-heading '><\/div><div class=\"avia-content-slider-inner\"><div class=\"slide-entry-wrap\"><div  class='slide-entry av-av_partner_logo-4aaf7542c4137acc38097a6629c6f7c9 flex_column no_margin av_one_third real-thumbnail post-entry slide-entry-overview slide-loop-1 slide-parity-odd  first'><span class='av-partner-fake-img' style='padding-bottom:46.8085106383%; background-image:url(https:\/\/bsg-projekt.net\/cms\/wp-content\/uploads\/2017\/12\/14.jpg);'><\/span><\/div><div  class='slide-entry av-av_partner_logo-609b88fdce64fdb9cafcf8a3d47f9918 flex_column no_margin av_one_third real-thumbnail post-entry slide-entry-overview slide-loop-2 slide-parity-even  '><span class='av-partner-fake-img' style='padding-bottom:46.8085106383%; background-image:url(https:\/\/bsg-projekt.net\/cms\/wp-content\/uploads\/2017\/12\/15.jpg);'><\/span><\/div><div  class='slide-entry av-av_partner_logo-da9a4cd05ddb3d9570f12d6b921d6c3b flex_column no_margin av_one_third real-thumbnail post-entry slide-entry-overview slide-loop-3 slide-parity-odd  '><span class='av-partner-fake-img' style='padding-bottom:46.8085106383%; background-image:url(https:\/\/bsg-projekt.net\/cms\/wp-content\/uploads\/2017\/12\/13.jpg);'><\/span><\/div><\/div><div class=\"slide-entry-wrap\"><div  class='slide-entry av-av_partner_logo-06d26b4a4c06b3e0d8c1567df8aad6bc flex_column no_margin av_one_third real-thumbnail post-entry slide-entry-overview slide-loop-4 slide-parity-odd  first'><span class='av-partner-fake-img' style='padding-bottom:46.8085106383%; background-image:url(https:\/\/bsg-projekt.net\/cms\/wp-content\/uploads\/2017\/12\/11.jpg);'><\/span><\/div><div  class='slide-entry av-av_partner_logo-1436f778e1510202bd70ff37bd89a9ec flex_column no_margin av_one_third real-thumbnail post-entry slide-entry-overview slide-loop-5 slide-parity-even  '><span class='av-partner-fake-img' style='padding-bottom:46.8085106383%; background-image:url(https:\/\/bsg-projekt.net\/cms\/wp-content\/uploads\/2017\/12\/12.jpg);'><\/span><\/div><div  class='slide-entry av-av_partner_logo-935331965753ba24a4086412031e7fb4 flex_column no_margin av_one_third real-thumbnail post-entry slide-entry-overview slide-loop-6 slide-parity-odd  '><span class='av-partner-fake-img' style='padding-bottom:46.8085106383%; background-image:url(https:\/\/bsg-projekt.net\/cms\/wp-content\/uploads\/2017\/12\/09.jpg);'><\/span><\/div><\/div><div class=\"slide-entry-wrap\"><div  class='slide-entry av-av_partner_logo-66a9bbaa4ec2c477c07da328ef90cd45 flex_column no_margin av_one_third real-thumbnail post-entry slide-entry-overview slide-loop-7 slide-parity-odd  first'><span class='av-partner-fake-img' style='padding-bottom:46.8085106383%; background-image:url(https:\/\/bsg-projekt.net\/cms\/wp-content\/uploads\/2017\/12\/10.jpg);'><\/span><\/div><div  class='slide-entry av-av_partner_logo-04288ea090b75606d1a5fc71a0dbcd75 flex_column no_margin av_one_third real-thumbnail post-entry slide-entry-overview slide-loop-8 slide-parity-even  '><span class='av-partner-fake-img' style='padding-bottom:46.8085106383%; background-image:url(https:\/\/bsg-projekt.net\/cms\/wp-content\/uploads\/2017\/12\/08.jpg);'><\/span><\/div><div  class='slide-entry av-av_partner_logo-f60dcbf9a4aaf9d20718735da06a6ce8 flex_column no_margin av_one_third real-thumbnail post-entry slide-entry-overview slide-loop-9 slide-parity-odd  '><span class='av-partner-fake-img' style='padding-bottom:46.8085106383%; background-image:url(https:\/\/bsg-projekt.net\/cms\/wp-content\/uploads\/2017\/12\/07.jpg);'><\/span><\/div><\/div><div class=\"slide-entry-wrap\"><div  class='slide-entry av-av_partner_logo-97c8c1d4042e7a6c2dec09aa3d03e0ba flex_column no_margin av_one_third real-thumbnail post-entry slide-entry-overview slide-loop-10 slide-parity-odd  first'><span class='av-partner-fake-img' style='padding-bottom:46.8085106383%; background-image:url(https:\/\/bsg-projekt.net\/cms\/wp-content\/uploads\/2017\/12\/06.jpg);'><\/span><\/div><div  class='slide-entry av-av_partner_logo-fe2b59544e072eb997e38a2db00ea868 flex_column no_margin av_one_third real-thumbnail post-entry slide-entry-overview slide-loop-11 slide-parity-even  '><span class='av-partner-fake-img' style='padding-bottom:46.8085106383%; background-image:url(https:\/\/bsg-projekt.net\/cms\/wp-content\/uploads\/2017\/12\/04.jpg);'><\/span><\/div><div  class='slide-entry av-av_partner_logo-39e3bee59e8c98e6c54dbd362f1dc898 flex_column no_margin av_one_third real-thumbnail post-entry slide-entry-overview slide-loop-12 slide-parity-odd  '><span class='av-partner-fake-img' style='padding-bottom:46.8085106383%; background-image:url(https:\/\/bsg-projekt.net\/cms\/wp-content\/uploads\/2017\/12\/05.jpg);'><\/span><\/div><\/div><div class=\"slide-entry-wrap\"><div  class='slide-entry av-av_partner_logo-314069f34bb75f973d21c472b51ec5e0 flex_column no_margin av_one_third real-thumbnail post-entry slide-entry-overview slide-loop-13 slide-parity-odd  first'><span class='av-partner-fake-img' style='padding-bottom:46.8085106383%; background-image:url(https:\/\/bsg-projekt.net\/cms\/wp-content\/uploads\/2017\/12\/02.jpg);'><\/span><\/div><div  class='slide-entry av-av_partner_logo-afca36fba471ec37ebc6db948e6d899e flex_column no_margin av_one_third real-thumbnail post-entry slide-entry-overview slide-loop-14 slide-parity-even  '><span class='av-partner-fake-img' style='padding-bottom:46.8085106383%; background-image:url(https:\/\/bsg-projekt.net\/cms\/wp-content\/uploads\/2017\/12\/03.jpg);'><\/span><\/div><div  class='slide-entry av-av_partner_logo-2a166536a2b30a34da6c699eb45a667e flex_column no_margin av_one_third real-thumbnail post-entry slide-entry-overview slide-loop-15 slide-parity-odd post-entry-last '><span class='av-partner-fake-img' style='padding-bottom:46.8085106383%; background-image:url(https:\/\/bsg-projekt.net\/cms\/wp-content\/uploads\/2017\/12\/01.jpg);'><\/span><\/div><\/div><\/div><\/div><\/div><\/p>\n","protected":false},"excerpt":{"rendered":"","protected":false},"author":1,"featured_media":0,"parent":25,"menu_order":8,"comment_status":"closed","ping_status":"closed","template":"","meta":{"footnotes":""},"class_list":["post-950","page","type-page","status-publish","hentry"],"_links":{"self":[{"href":"https:\/\/bsg-projekt.net\/cms\/wp-json\/wp\/v2\/pages\/950","targetHints":{"allow":["GET"]}}],"collection":[{"href":"https:\/\/bsg-projekt.net\/cms\/wp-json\/wp\/v2\/pages"}],"about":[{"href":"https:\/\/bsg-projekt.net\/cms\/wp-json\/wp\/v2\/types\/page"}],"author":[{"embeddable":true,"href":"https:\/\/bsg-projekt.net\/cms\/wp-json\/wp\/v2\/users\/1"}],"replies":[{"embeddable":true,"href":"https:\/\/bsg-projekt.net\/cms\/wp-json\/wp\/v2\/comments?post=950"}],"version-history":[{"count":3,"href":"https:\/\/bsg-projekt.net\/cms\/wp-json\/wp\/v2\/pages\/950\/revisions"}],"predecessor-version":[{"id":1079,"href":"https:\/\/bsg-projekt.net\/cms\/wp-json\/wp\/v2\/pages\/950\/revisions\/1079"}],"up":[{"embeddable":true,"href":"https:\/\/bsg-projekt.net\/cms\/wp-json\/wp\/v2\/pages\/25"}],"wp:attachment":[{"href":"https:\/\/bsg-projekt.net\/cms\/wp-json\/wp\/v2\/media?parent=950"}],"curies":[{"name":"wp","href":"https:\/\/api.w.org\/{rel}","templated":true}]}}